{"id":90,"date":"2026-01-24T15:31:05","date_gmt":"2026-01-24T15:31:05","guid":{"rendered":"https:\/\/flauschspace.wordpress.com\/?page_id=90"},"modified":"2026-03-31T16:21:09","modified_gmt":"2026-03-31T15:21:09","slug":"mitmachen","status":"publish","type":"page","link":"https:\/\/flausch.space\/en\/mitmachen\/","title":{"rendered":"Join us"},"content":{"rendered":"<div data-wp-context=\"{ &quot;autoclose&quot;: false, &quot;accordionItems&quot;: [] }\" data-wp-interactive=\"core\/accordion\" role=\"group\" class=\"wp-block-accordion is-layout-flow wp-block-accordion-is-layout-flow\">\n<div data-wp-class--is-open=\"state.isOpen\" data-wp-context=\"{ &quot;id&quot;: &quot;accordion-item-1&quot;, &quot;openByDefault&quot;: false }\" data-wp-init=\"callbacks.initAccordionItems\" data-wp-on-window--hashchange=\"callbacks.hashChange\" class=\"wp-block-accordion-item is-layout-flow wp-block-accordion-item-is-layout-flow\">\n<h3 class=\"wp-block-accordion-heading\"><button aria-expanded=\"false\" aria-controls=\"accordion-item-1-panel\" data-wp-bind--aria-expanded=\"state.isOpen\" data-wp-on--click=\"actions.toggle\" data-wp-on--keydown=\"actions.handleKeyDown\" id=\"accordion-item-1\" type=\"button\" class=\"wp-block-accordion-heading__toggle\"><span class=\"wp-block-accordion-heading__toggle-title\">Become Part of the Flausch<\/span><span class=\"wp-block-accordion-heading__toggle-icon\" aria-hidden=\"true\">+<\/span><\/button><\/h3>\n\n\n\n<div inert aria-labelledby=\"accordion-item-1\" data-wp-bind--inert=\"!state.isOpen\" id=\"accordion-item-1-panel\" role=\"region\" class=\"wp-block-accordion-panel is-layout-flow wp-block-accordion-panel-is-layout-flow\">\n<p class=\"has-small-font-size\">Whether Awareness, CrewCare, PsyCare, or simply heart and hands \u2014<br>we welcome people who want to celebrate, feel, and create with us. Flausch contact: flauschundtuedel@systemli.org &lt;3<\/p>\n<\/div>\n<\/div>\n\n\n\n<div data-wp-class--is-open=\"state.isOpen\" data-wp-context=\"{ &quot;id&quot;: &quot;accordion-item-2&quot;, &quot;openByDefault&quot;: false }\" data-wp-init=\"callbacks.initAccordionItems\" data-wp-on-window--hashchange=\"callbacks.hashChange\" class=\"wp-block-accordion-item is-layout-flow wp-block-accordion-item-is-layout-flow\">\n<h3 class=\"wp-block-accordion-heading\"><button aria-expanded=\"false\" aria-controls=\"accordion-item-2-panel\" data-wp-bind--aria-expanded=\"state.isOpen\" data-wp-on--click=\"actions.toggle\" data-wp-on--keydown=\"actions.handleKeyDown\" id=\"accordion-item-2\" type=\"button\" class=\"wp-block-accordion-heading__toggle\"><span class=\"wp-block-accordion-heading__toggle-title\">Welcome Folder<\/span><span class=\"wp-block-accordion-heading__toggle-icon\" aria-hidden=\"true\">+<\/span><\/button><\/h3>\n\n\n\n<div inert aria-labelledby=\"accordion-item-2\" data-wp-bind--inert=\"!state.isOpen\" id=\"accordion-item-2-panel\" role=\"region\" class=\"wp-block-accordion-panel is-layout-flow wp-block-accordion-panel-is-layout-flow\">\n<div data-wp-interactive=\"core\/file\" class=\"wp-block-file\"><object data-wp-bind--hidden=\"!state.hasPdfPreview\" hidden class=\"wp-block-file__embed\" data=\"https:\/\/flauschspace.wordpress.com\/wp-content\/uploads\/2026\/01\/1-willkommensflyer-fuer-dich-1.pdf\" type=\"application\/pdf\" style=\"width:100%;height:600px\" aria-label=\"Embed of 1 Willkommensflyer fu\u0308r dich.\"><\/object><a id=\"wp-block-file--media-0c1e202e-9047-44c2-a569-ecc794c8bc86\" href=\"https:\/\/flauschspace.wordpress.com\/wp-content\/uploads\/2026\/01\/1-willkommensflyer-fuer-dich-1.pdf\">1 Welcome Flyer for you<\/a><a href=\"https:\/\/flauschspace.wordpress.com\/wp-content\/uploads\/2026\/01\/1-willkommensflyer-fuer-dich-1.pdf\" class=\"wp-block-file__button wp-element-button\" download aria-describedby=\"wp-block-file--media-0c1e202e-9047-44c2-a569-ecc794c8bc86\">Download<\/a><\/div>\n<\/div>\n<\/div>\n\n\n\n<div data-wp-class--is-open=\"state.isOpen\" data-wp-context=\"{ &quot;id&quot;: &quot;accordion-item-3&quot;, &quot;openByDefault&quot;: false }\" data-wp-init=\"callbacks.initAccordionItems\" data-wp-on-window--hashchange=\"callbacks.hashChange\" class=\"wp-block-accordion-item is-layout-flow wp-block-accordion-item-is-layout-flow\">\n<h3 class=\"wp-block-accordion-heading\"><button aria-expanded=\"false\" aria-controls=\"accordion-item-3-panel\" data-wp-bind--aria-expanded=\"state.isOpen\" data-wp-on--click=\"actions.toggle\" data-wp-on--keydown=\"actions.handleKeyDown\" id=\"accordion-item-3\" type=\"button\" class=\"wp-block-accordion-heading__toggle\"><span class=\"wp-block-accordion-heading__toggle-title\">Calendar<\/span><span class=\"wp-block-accordion-heading__toggle-icon\" aria-hidden=\"true\">+<\/span><\/button><\/h3>\n\n\n\n<div inert aria-labelledby=\"accordion-item-3\" data-wp-bind--inert=\"!state.isOpen\" id=\"accordion-item-3-panel\" role=\"region\" class=\"wp-block-accordion-panel is-layout-flow wp-block-accordion-panel-is-layout-flow\">\n<iframe loading=\"lazy\" frameborder=\"0\" height=\"500px\" width=\"100%\" src=\"https:\/\/kalender.digital\/314bbdf3d02a9e8a80cd?iframe=true\"><\/iframe>\n\n\n\n<a href=\"https:\/\/kalender.digital\/314bbdf3d02a9e8a80cd\" target=\"_blank\">To Online Calendar<\/a>\n\n\n\n<p><a href=\"https:\/\/kalender.digital\/314bbdf3d02a9e8a80cd\">Our Calendar<\/a> <a href=\"https:\/\/export.kalender.digital\/ics\/5732174\/314bbdf3d02a9e8a80cd\/zumteilenflauschtdel.ics?past_months=3&amp;future_months=36\"> \/\/ ics calendar version<\/a><\/p>\n<\/div>\n<\/div>\n\n\n\n<div data-wp-class--is-open=\"state.isOpen\" data-wp-context=\"{ &quot;id&quot;: &quot;accordion-item-4&quot;, &quot;openByDefault&quot;: false }\" data-wp-init=\"callbacks.initAccordionItems\" data-wp-on-window--hashchange=\"callbacks.hashChange\" class=\"wp-block-accordion-item is-layout-flow wp-block-accordion-item-is-layout-flow\">\n<h3 class=\"wp-block-accordion-heading\"><button aria-expanded=\"false\" aria-controls=\"accordion-item-4-panel\" data-wp-bind--aria-expanded=\"state.isOpen\" data-wp-on--click=\"actions.toggle\" data-wp-on--keydown=\"actions.handleKeyDown\" id=\"accordion-item-4\" type=\"button\" class=\"wp-block-accordion-heading__toggle\"><span class=\"wp-block-accordion-heading__toggle-title\">Zoom meetings<\/span><span class=\"wp-block-accordion-heading__toggle-icon\" aria-hidden=\"true\">+<\/span><\/button><\/h3>\n\n\n\n<div inert aria-labelledby=\"accordion-item-4\" data-wp-bind--inert=\"!state.isOpen\" id=\"accordion-item-4-panel\" role=\"region\" class=\"wp-block-accordion-panel is-layout-flow wp-block-accordion-panel-is-layout-flow\">\n<p><a href=\"https:\/\/uni-koeln.zoom.us\/j\/98916171692?pwd=a0hZWVFsLzZWZVNYd0Q0NGJYbHhrUT09#success\">https:\/\/uni-koeln.zoom.us\/j\/98916171692?pwd=a0hZWVFsLzZWZVNYd0Q0NGJYbHhrUT09#success<\/a><\/p>\n<\/div>\n<\/div>\n\n\n\n<div data-wp-class--is-open=\"state.isOpen\" data-wp-context=\"{ &quot;id&quot;: &quot;accordion-item-5&quot;, &quot;openByDefault&quot;: false }\" data-wp-init=\"callbacks.initAccordionItems\" data-wp-on-window--hashchange=\"callbacks.hashChange\" class=\"wp-block-accordion-item is-layout-flow wp-block-accordion-item-is-layout-flow\">\n<h3 class=\"wp-block-accordion-heading\"><button aria-expanded=\"false\" aria-controls=\"accordion-item-5-panel\" data-wp-bind--aria-expanded=\"state.isOpen\" data-wp-on--click=\"actions.toggle\" data-wp-on--keydown=\"actions.handleKeyDown\" id=\"accordion-item-5\" type=\"button\" class=\"wp-block-accordion-heading__toggle\"><span class=\"wp-block-accordion-heading__toggle-title\">Telegram Chat Groups<\/span><span class=\"wp-block-accordion-heading__toggle-icon\" aria-hidden=\"true\">+<\/span><\/button><\/h3>\n\n\n\n<div inert aria-labelledby=\"accordion-item-5\" data-wp-bind--inert=\"!state.isOpen\" id=\"accordion-item-5-panel\" role=\"region\" class=\"wp-block-accordion-panel is-layout-flow wp-block-accordion-panel-is-layout-flow\">\n<p><\/p>\n\n\n\n<ul class=\"wp-block-list\">\n<li>Structure Days 2026\n<ul class=\"wp-block-list\">\n<li><a href=\"https:\/\/t.me\/+mpEV4Z7CI4o2YjRi \ud83c\udf16\ud83e\udebb\ud83c\udf37\ud83c\udf3c\ud83c\udf1e\ud83c\udf3e\ud83c\udf44\ud83c\udf31 f\u00fcr alle die an den Strukturtagen 10.3.-15.3. teilnehmen m\u00f6chten. online und vorort in Roitzsch\">https:\/\/t.me\/+mpEV4Z7CI4o2YjRi <\/a>\ud83c\udf16\ud83e\udebb\ud83c\udf37\ud83c\udf3c\ud83c\udf1e\ud83c\udf3e\ud83c\udf44\ud83c\udf31 <\/li>\n\n\n\n<li>For everyone who would like to participate in the Structure Days from March 10\u201315, 2026\u2014online and on-site in Roitzsch.<\/li>\n<\/ul>\n<\/li>\n\n\n\n<li>Ketoga \u2013 March 20, 2026\n<ul class=\"wp-block-list\">\n<li><a href=\"https:\/\/t.me\/+ff_uacfNnb01MTIy\">https:\/\/t.me\/+ff_uacfNnb01MTIy<\/a><\/li>\n\n\n\n<li>Hey everyone, the birds are back, the first blossoms are opening their cups, and the sun is smiling \ud83c\udf37\ud83c\udf1e\ud83d\udd4a\ufe0f<br>About time to greet spring with some fresh appreciation\u2014and to sleep in for half a day again \ud83d\ude43<br><br>Can\u2019t wait to see you \ud83e\udde1<\/li>\n<\/ul>\n<\/li>\n<\/ul>\n<\/div>\n<\/div>\n\n\n\n<div data-wp-class--is-open=\"state.isOpen\" data-wp-context=\"{ &quot;id&quot;: &quot;accordion-item-6&quot;, &quot;openByDefault&quot;: false }\" data-wp-init=\"callbacks.initAccordionItems\" data-wp-on-window--hashchange=\"callbacks.hashChange\" class=\"wp-block-accordion-item is-layout-flow wp-block-accordion-item-is-layout-flow\">\n<h3 class=\"wp-block-accordion-heading\"><button aria-expanded=\"false\" aria-controls=\"accordion-item-6-panel\" data-wp-bind--aria-expanded=\"state.isOpen\" data-wp-on--click=\"actions.toggle\" data-wp-on--keydown=\"actions.handleKeyDown\" id=\"accordion-item-6\" type=\"button\" class=\"wp-block-accordion-heading__toggle\"><span class=\"wp-block-accordion-heading__toggle-title\">Website Creation<\/span><span class=\"wp-block-accordion-heading__toggle-icon\" aria-hidden=\"true\">+<\/span><\/button><\/h3>\n\n\n\n<div inert aria-labelledby=\"accordion-item-6\" data-wp-bind--inert=\"!state.isOpen\" id=\"accordion-item-6-panel\" role=\"region\" class=\"wp-block-accordion-panel is-layout-flow wp-block-accordion-panel-is-layout-flow\">\n<p>We can\u2019t do it by ourselves\u2014every bit of help is more than welcome! \ud83d\ude0a<\/p>\n<\/div>\n<\/div>\n\n\n\n<div data-wp-class--is-open=\"state.isOpen\" data-wp-context=\"{ &quot;id&quot;: &quot;accordion-item-7&quot;, &quot;openByDefault&quot;: false }\" data-wp-init=\"callbacks.initAccordionItems\" data-wp-on-window--hashchange=\"callbacks.hashChange\" class=\"wp-block-accordion-item is-layout-flow wp-block-accordion-item-is-layout-flow\">\n<h3 class=\"wp-block-accordion-heading\"><button aria-expanded=\"false\" aria-controls=\"accordion-item-7-panel\" data-wp-bind--aria-expanded=\"state.isOpen\" data-wp-on--click=\"actions.toggle\" data-wp-on--keydown=\"actions.handleKeyDown\" id=\"accordion-item-7\" type=\"button\" class=\"wp-block-accordion-heading__toggle\"><span class=\"wp-block-accordion-heading__toggle-title\">Keeping the Flausch &amp; T\u00fcdel Flowing<\/span><span class=\"wp-block-accordion-heading__toggle-icon\" aria-hidden=\"true\">+<\/span><\/button><\/h3>\n\n\n\n<div inert aria-labelledby=\"accordion-item-7\" data-wp-bind--inert=\"!state.isOpen\" id=\"accordion-item-7-panel\" role=\"region\" class=\"wp-block-accordion-panel is-layout-flow wp-block-accordion-panel-is-layout-flow\">\n<div class=\"wp-block-media-text is-stacked-on-mobile\"><figure class=\"wp-block-media-text__media\"><img loading=\"lazy\" decoding=\"async\" width=\"500\" height=\"500\" src=\"https:\/\/flausch.space\/wp-content\/uploads\/2026\/01\/790358e8-acc8-455d-a95a-4ce3a1557e27.png\" alt=\"\" class=\"wp-image-220 size-full\" srcset=\"https:\/\/flausch.space\/wp-content\/uploads\/2026\/01\/790358e8-acc8-455d-a95a-4ce3a1557e27.png 500w, https:\/\/flausch.space\/wp-content\/uploads\/2026\/01\/790358e8-acc8-455d-a95a-4ce3a1557e27-300x300.png 300w, https:\/\/flausch.space\/wp-content\/uploads\/2026\/01\/790358e8-acc8-455d-a95a-4ce3a1557e27-150x150.png 150w\" sizes=\"auto, (max-width: 500px) 100vw, 500px\" \/><\/figure><div class=\"wp-block-media-text__content\">\n<p>If you\u2019d like to support our work, we\u2019d be happy to receive a donation via <a href=\"https:\/\/www.paypal.com\/donate\/?hosted_button_id=8GAHJHAEK6H5C\">PayPal<\/a>. Our work involves many volunteer hours, plus ongoing costs such as the website, storage, and transport. Your support helps make all of this possible.<\/p>\n<\/div><\/div>\n<\/div>\n<\/div>\n<\/div>","protected":false},"excerpt":{"rendered":"","protected":false},"author":1,"featured_media":0,"parent":0,"menu_order":5,"comment_status":"closed","ping_status":"closed","template":"","meta":{"footnotes":""},"class_list":["post-90","page","type-page","status-publish","hentry"],"yoast_head":"<!-- This site is optimized with the Yoast SEO plugin v27.4 - https:\/\/yoast.com\/product\/yoast-seo-wordpress\/ -->\n<title>Mitmachen - Flausch &amp; T\u00fcdel<\/title>\n<meta name=\"description\" content=\"Mitmachen bei Flausch und T\u00fcdel: Werde Teil eines PsyCare oder Awareness-Teams f\u00fcr Festivals &amp; Events und unterst\u00fctze Menschen in herausfordernden Situationen.\" \/>\n<meta name=\"robots\" content=\"index, follow, max-snippet:-1, max-image-preview:large, max-video-preview:-1\" \/>\n<link rel=\"canonical\" href=\"https:\/\/flausch.space\/en\/de\/mitmachen\/\" \/>\n<meta property=\"og:locale\" content=\"en_GB\" \/>\n<meta property=\"og:type\" content=\"article\" \/>\n<meta property=\"og:title\" content=\"Mitmachen - Flausch &amp; T\u00fcdel\" \/>\n<meta property=\"og:description\" content=\"Mitmachen bei Flausch und T\u00fcdel: Werde Teil eines PsyCare oder Awareness-Teams f\u00fcr Festivals &amp; Events und unterst\u00fctze Menschen in herausfordernden Situationen.\" \/>\n<meta property=\"og:url\" content=\"https:\/\/flausch.space\/en\/de\/mitmachen\/\" \/>\n<meta property=\"og:site_name\" content=\"Flausch &amp; T\u00fcdel\" \/>\n<meta property=\"article:modified_time\" content=\"2026-03-31T15:21:09+00:00\" \/>\n<meta property=\"og:image\" content=\"https:\/\/flausch.space\/wp-content\/uploads\/2026\/01\/790358e8-acc8-455d-a95a-4ce3a1557e27.png\" \/>\n\t<meta property=\"og:image:width\" content=\"500\" \/>\n\t<meta property=\"og:image:height\" content=\"500\" \/>\n\t<meta property=\"og:image:type\" content=\"image\/png\" \/>\n<meta name=\"twitter:card\" content=\"summary_large_image\" \/>\n<meta name=\"twitter:label1\" content=\"Est. reading time\" \/>\n\t<meta name=\"twitter:data1\" content=\"2 minutes\" \/>\n<script type=\"application\/ld+json\" class=\"yoast-schema-graph\">{\"@context\":\"https:\\\/\\\/schema.org\",\"@graph\":[{\"@type\":\"WebPage\",\"@id\":\"https:\\\/\\\/flausch.space\\\/de\\\/mitmachen\\\/\",\"url\":\"https:\\\/\\\/flausch.space\\\/de\\\/mitmachen\\\/\",\"name\":\"Mitmachen - Flausch &amp; T\u00fcdel\",\"isPartOf\":{\"@id\":\"https:\\\/\\\/flausch.space\\\/#website\"},\"primaryImageOfPage\":{\"@id\":\"https:\\\/\\\/flausch.space\\\/de\\\/mitmachen\\\/#primaryimage\"},\"image\":{\"@id\":\"https:\\\/\\\/flausch.space\\\/de\\\/mitmachen\\\/#primaryimage\"},\"thumbnailUrl\":\"https:\\\/\\\/flausch.space\\\/wp-content\\\/uploads\\\/2026\\\/01\\\/790358e8-acc8-455d-a95a-4ce3a1557e27.png\",\"datePublished\":\"2026-01-24T15:31:05+00:00\",\"dateModified\":\"2026-03-31T15:21:09+00:00\",\"description\":\"Mitmachen bei Flausch und T\u00fcdel: Werde Teil eines PsyCare oder Awareness-Teams f\u00fcr Festivals & Events und unterst\u00fctze Menschen in herausfordernden Situationen.\",\"breadcrumb\":{\"@id\":\"https:\\\/\\\/flausch.space\\\/de\\\/mitmachen\\\/#breadcrumb\"},\"inLanguage\":\"en-GB\",\"potentialAction\":[{\"@type\":\"ReadAction\",\"target\":[\"https:\\\/\\\/flausch.space\\\/de\\\/mitmachen\\\/\"]}]},{\"@type\":\"ImageObject\",\"inLanguage\":\"en-GB\",\"@id\":\"https:\\\/\\\/flausch.space\\\/de\\\/mitmachen\\\/#primaryimage\",\"url\":\"https:\\\/\\\/flausch.space\\\/wp-content\\\/uploads\\\/2026\\\/01\\\/790358e8-acc8-455d-a95a-4ce3a1557e27.png\",\"contentUrl\":\"https:\\\/\\\/flausch.space\\\/wp-content\\\/uploads\\\/2026\\\/01\\\/790358e8-acc8-455d-a95a-4ce3a1557e27.png\"},{\"@type\":\"BreadcrumbList\",\"@id\":\"https:\\\/\\\/flausch.space\\\/de\\\/mitmachen\\\/#breadcrumb\",\"itemListElement\":[{\"@type\":\"ListItem\",\"position\":1,\"name\":\"Start\",\"item\":\"https:\\\/\\\/flausch.space\\\/de\\\/willkommen-bei-flausch-und-tuedel\\\/\"},{\"@type\":\"ListItem\",\"position\":2,\"name\":\"Mitmachen\"}]},{\"@type\":\"WebSite\",\"@id\":\"https:\\\/\\\/flausch.space\\\/#website\",\"url\":\"https:\\\/\\\/flausch.space\\\/\",\"name\":\"Flausch & T\u00fcdel\",\"description\":\"Flausch &amp; T&uuml;del Psycare\",\"publisher\":{\"@id\":\"https:\\\/\\\/flausch.space\\\/#organization\"},\"potentialAction\":[{\"@type\":\"SearchAction\",\"target\":{\"@type\":\"EntryPoint\",\"urlTemplate\":\"https:\\\/\\\/flausch.space\\\/?s={search_term_string}\"},\"query-input\":{\"@type\":\"PropertyValueSpecification\",\"valueRequired\":true,\"valueName\":\"search_term_string\"}}],\"inLanguage\":\"en-GB\"},{\"@type\":\"Organization\",\"@id\":\"https:\\\/\\\/flausch.space\\\/#organization\",\"name\":\"Flausch & T\u00fcdel\",\"url\":\"https:\\\/\\\/flausch.space\\\/\",\"logo\":{\"@type\":\"ImageObject\",\"inLanguage\":\"en-GB\",\"@id\":\"https:\\\/\\\/flausch.space\\\/#\\\/schema\\\/logo\\\/image\\\/\",\"url\":\"https:\\\/\\\/flausch.space\\\/wp-content\\\/uploads\\\/2026\\\/01\\\/Flausch_Brumm.png\",\"contentUrl\":\"https:\\\/\\\/flausch.space\\\/wp-content\\\/uploads\\\/2026\\\/01\\\/Flausch_Brumm.png\",\"width\":1405,\"height\":1409,\"caption\":\"Flausch & T\u00fcdel\"},\"image\":{\"@id\":\"https:\\\/\\\/flausch.space\\\/#\\\/schema\\\/logo\\\/image\\\/\"}}]}<\/script>\n<!-- \/ Yoast SEO plugin. -->","yoast_head_json":{"title":"Mitmachen - Flausch &amp; T\u00fcdel","description":"Mitmachen bei Flausch und T\u00fcdel: Werde Teil eines PsyCare oder Awareness-Teams f\u00fcr Festivals & Events und unterst\u00fctze Menschen in herausfordernden Situationen.","robots":{"index":"index","follow":"follow","max-snippet":"max-snippet:-1","max-image-preview":"max-image-preview:large","max-video-preview":"max-video-preview:-1"},"canonical":"https:\/\/flausch.space\/en\/de\/mitmachen\/","og_locale":"en_GB","og_type":"article","og_title":"Mitmachen - Flausch &amp; T\u00fcdel","og_description":"Mitmachen bei Flausch und T\u00fcdel: Werde Teil eines PsyCare oder Awareness-Teams f\u00fcr Festivals & Events und unterst\u00fctze Menschen in herausfordernden Situationen.","og_url":"https:\/\/flausch.space\/en\/de\/mitmachen\/","og_site_name":"Flausch &amp; T\u00fcdel","article_modified_time":"2026-03-31T15:21:09+00:00","og_image":[{"width":500,"height":500,"url":"https:\/\/flausch.space\/wp-content\/uploads\/2026\/01\/790358e8-acc8-455d-a95a-4ce3a1557e27.png","type":"image\/png"}],"twitter_card":"summary_large_image","twitter_misc":{"Est. reading time":"2 minutes"},"schema":{"@context":"https:\/\/schema.org","@graph":[{"@type":"WebPage","@id":"https:\/\/flausch.space\/de\/mitmachen\/","url":"https:\/\/flausch.space\/de\/mitmachen\/","name":"Mitmachen - Flausch &amp; T\u00fcdel","isPartOf":{"@id":"https:\/\/flausch.space\/#website"},"primaryImageOfPage":{"@id":"https:\/\/flausch.space\/de\/mitmachen\/#primaryimage"},"image":{"@id":"https:\/\/flausch.space\/de\/mitmachen\/#primaryimage"},"thumbnailUrl":"https:\/\/flausch.space\/wp-content\/uploads\/2026\/01\/790358e8-acc8-455d-a95a-4ce3a1557e27.png","datePublished":"2026-01-24T15:31:05+00:00","dateModified":"2026-03-31T15:21:09+00:00","description":"Mitmachen bei Flausch und T\u00fcdel: Werde Teil eines PsyCare oder Awareness-Teams f\u00fcr Festivals & Events und unterst\u00fctze Menschen in herausfordernden Situationen.","breadcrumb":{"@id":"https:\/\/flausch.space\/de\/mitmachen\/#breadcrumb"},"inLanguage":"en-GB","potentialAction":[{"@type":"ReadAction","target":["https:\/\/flausch.space\/de\/mitmachen\/"]}]},{"@type":"ImageObject","inLanguage":"en-GB","@id":"https:\/\/flausch.space\/de\/mitmachen\/#primaryimage","url":"https:\/\/flausch.space\/wp-content\/uploads\/2026\/01\/790358e8-acc8-455d-a95a-4ce3a1557e27.png","contentUrl":"https:\/\/flausch.space\/wp-content\/uploads\/2026\/01\/790358e8-acc8-455d-a95a-4ce3a1557e27.png"},{"@type":"BreadcrumbList","@id":"https:\/\/flausch.space\/de\/mitmachen\/#breadcrumb","itemListElement":[{"@type":"ListItem","position":1,"name":"Start","item":"https:\/\/flausch.space\/de\/willkommen-bei-flausch-und-tuedel\/"},{"@type":"ListItem","position":2,"name":"Mitmachen"}]},{"@type":"WebSite","@id":"https:\/\/flausch.space\/#website","url":"https:\/\/flausch.space\/","name":"Flausch & T\u00fcdel","description":"Flausch &amp; T&uuml;del Psycare","publisher":{"@id":"https:\/\/flausch.space\/#organization"},"potentialAction":[{"@type":"SearchAction","target":{"@type":"EntryPoint","urlTemplate":"https:\/\/flausch.space\/?s={search_term_string}"},"query-input":{"@type":"PropertyValueSpecification","valueRequired":true,"valueName":"search_term_string"}}],"inLanguage":"en-GB"},{"@type":"Organization","@id":"https:\/\/flausch.space\/#organization","name":"Flausch & T\u00fcdel","url":"https:\/\/flausch.space\/","logo":{"@type":"ImageObject","inLanguage":"en-GB","@id":"https:\/\/flausch.space\/#\/schema\/logo\/image\/","url":"https:\/\/flausch.space\/wp-content\/uploads\/2026\/01\/Flausch_Brumm.png","contentUrl":"https:\/\/flausch.space\/wp-content\/uploads\/2026\/01\/Flausch_Brumm.png","width":1405,"height":1409,"caption":"Flausch & T\u00fcdel"},"image":{"@id":"https:\/\/flausch.space\/#\/schema\/logo\/image\/"}}]}},"_links":{"self":[{"href":"https:\/\/flausch.space\/en\/wp-json\/wp\/v2\/pages\/90","targetHints":{"allow":["GET"]}}],"collection":[{"href":"https:\/\/flausch.space\/en\/wp-json\/wp\/v2\/pages"}],"about":[{"href":"https:\/\/flausch.space\/en\/wp-json\/wp\/v2\/types\/page"}],"author":[{"embeddable":true,"href":"https:\/\/flausch.space\/en\/wp-json\/wp\/v2\/users\/1"}],"replies":[{"embeddable":true,"href":"https:\/\/flausch.space\/en\/wp-json\/wp\/v2\/comments?post=90"}],"version-history":[{"count":20,"href":"https:\/\/flausch.space\/en\/wp-json\/wp\/v2\/pages\/90\/revisions"}],"predecessor-version":[{"id":476,"href":"https:\/\/flausch.space\/en\/wp-json\/wp\/v2\/pages\/90\/revisions\/476"}],"wp:attachment":[{"href":"https:\/\/flausch.space\/en\/wp-json\/wp\/v2\/media?parent=90"}],"curies":[{"name":"wp","href":"https:\/\/api.w.org\/{rel}","templated":true}]}}