{"id":7,"date":"2026-01-17T16:26:23","date_gmt":"2026-01-17T16:26:23","guid":{"rendered":"http:\/\/flauschspace.wordpress.com\/?page_id=1"},"modified":"2026-03-18T15:31:59","modified_gmt":"2026-03-18T15:31:59","slug":"flauschtuedel","status":"publish","type":"page","link":"https:\/\/flausch.space\/en\/flauschtuedel\/","title":{"rendered":"\u00dcber Flausch &amp; T\u00fcdel"},"content":{"rendered":"<div data-wp-context=\"{ &quot;autoclose&quot;: false, &quot;accordionItems&quot;: [] }\" data-wp-interactive=\"core\/accordion\" role=\"group\" class=\"wp-block-accordion is-layout-flow wp-block-accordion-is-layout-flow\">\n<div data-wp-class--is-open=\"state.isOpen\" data-wp-context=\"{ &quot;id&quot;: &quot;accordion-item-1&quot;, &quot;openByDefault&quot;: false }\" data-wp-init=\"callbacks.initAccordionItems\" data-wp-on-window--hashchange=\"callbacks.hashChange\" class=\"wp-block-accordion-item is-layout-flow wp-block-accordion-item-is-layout-flow\">\n<h3 class=\"wp-block-accordion-heading\"><button aria-expanded=\"false\" aria-controls=\"accordion-item-1-panel\" data-wp-bind--aria-expanded=\"state.isOpen\" data-wp-on--click=\"actions.toggle\" data-wp-on--keydown=\"actions.handleKeyDown\" id=\"accordion-item-1\" type=\"button\" class=\"wp-block-accordion-heading__toggle\"><span class=\"wp-block-accordion-heading__toggle-title\">What do we actually do?<\/span><span class=\"wp-block-accordion-heading__toggle-icon\" aria-hidden=\"true\">+<\/span><\/button><\/h3>\n\n\n\n<div inert aria-labelledby=\"accordion-item-1\" data-wp-bind--inert=\"!state.isOpen\" id=\"accordion-item-1-panel\" role=\"region\" class=\"wp-block-accordion-panel is-layout-flow wp-block-accordion-panel-is-layout-flow\">\n<p class=\"has-small-font-size\"><strong><strong>We make nightlife and culture safer spaces.<\/strong><\/strong><br>Our heartfelt mission is to shape these environments in a way that is accessible and mindful for as many people as possible. We support people in better integrating their experiences\u2014both in cultural and psychedelic contexts. Sometimes, what\u2019s needed is exactly the right thing at the right moment: calm, presence, and a safe harbor to arrive.<br><br>When people are able to settle and find stillness, it becomes easier for them to navigate challenging situations and learn from their experiences. This inner clarity ripples outward\u2014into the cultural spaces they help create and shape.<br><br>That\u2019s why we work on multiple levels directly at events.<br>Personally, by being there for people.<br>Holistically, by supporting them in making more conscious choices.<br>And practically, by offering concrete tips and tools to make events safer, more mindful, and more sustainable.<\/p>\n\n\n\n<p class=\"has-small-font-size\">Our goal is a more conscious approach to culture, consumption, and how we relate to one another.<br><br>We do this through, among other things:<\/p>\n\n\n\n<ul class=\"wp-block-list\">\n<li class=\"has-small-font-size\"><strong>PsyCare<\/strong><\/li>\n\n\n\n<li class=\"has-small-font-size\"><strong>Safer Use &amp; Harm Reduction<\/strong><\/li>\n\n\n\n<li class=\"has-small-font-size\"><strong>Supporting organizers<\/strong> in creating more sustainable events<\/li>\n\n\n\n<li class=\"has-small-font-size\"><strong>Crew Care &amp; Awareness<\/strong><\/li>\n<\/ul>\n\n\n\n<p class=\"has-small-font-size\">This is the softness we carry out into society.<br>The softness that begins within ourselves\u2014within our own hearts, in how we relate, and within our team.<\/p>\n\n\n\n<p class=\"has-small-font-size\">Enjoy &lt;3<\/p>\n<\/div>\n<\/div>\n\n\n\n<div data-wp-class--is-open=\"state.isOpen\" data-wp-context=\"{ &quot;id&quot;: &quot;accordion-item-2&quot;, &quot;openByDefault&quot;: false }\" data-wp-init=\"callbacks.initAccordionItems\" data-wp-on-window--hashchange=\"callbacks.hashChange\" class=\"wp-block-accordion-item is-layout-flow wp-block-accordion-item-is-layout-flow\">\n<h3 class=\"wp-block-accordion-heading\"><button aria-expanded=\"false\" aria-controls=\"accordion-item-2-panel\" data-wp-bind--aria-expanded=\"state.isOpen\" data-wp-on--click=\"actions.toggle\" data-wp-on--keydown=\"actions.handleKeyDown\" id=\"accordion-item-2\" type=\"button\" class=\"wp-block-accordion-heading__toggle\"><span class=\"wp-block-accordion-heading__toggle-title\">Community &amp; Self-Care<\/span><span class=\"wp-block-accordion-heading__toggle-icon\" aria-hidden=\"true\">+<\/span><\/button><\/h3>\n\n\n\n<div inert aria-labelledby=\"accordion-item-2\" data-wp-bind--inert=\"!state.isOpen\" id=\"accordion-item-2-panel\" role=\"region\" class=\"wp-block-accordion-panel is-layout-flow wp-block-accordion-panel-is-layout-flow\">\n<p class=\"has-small-font-size\">The foundation of our shared work is taking good care of ourselves and of one another.<br><br>Being aware of our own needs and sharing them within the group is at the heart of our connection and our work. Only in this way can we meet each other\u2014and our guests\u2014with openness, mindfulness, and sensitivity.<br><br>Of course, we don\u2019t always succeed in this. That\u2019s human, and we are aware of it. This awareness helps us remain kind and compassionate with each other, even when someone shuts down, withdraws, or needs space\u2014and to continue seeing them as a valued part of our fluffy collective.<br><br>We are all on a journey to find a way of relating to closeness and distance that feels right for us. Acknowledging\u2014to ourselves and to others\u2014that we are learning along the way strengthens our trust and makes it possible to truly care for ourselves and for one another.<\/p>\n<\/div>\n<\/div>\n\n\n\n<div data-wp-class--is-open=\"state.isOpen\" data-wp-context=\"{ &quot;id&quot;: &quot;accordion-item-3&quot;, &quot;openByDefault&quot;: false }\" data-wp-init=\"callbacks.initAccordionItems\" data-wp-on-window--hashchange=\"callbacks.hashChange\" class=\"wp-block-accordion-item is-layout-flow wp-block-accordion-item-is-layout-flow\">\n<h3 class=\"wp-block-accordion-heading\"><button aria-expanded=\"false\" aria-controls=\"accordion-item-3-panel\" data-wp-bind--aria-expanded=\"state.isOpen\" data-wp-on--click=\"actions.toggle\" data-wp-on--keydown=\"actions.handleKeyDown\" id=\"accordion-item-3\" type=\"button\" class=\"wp-block-accordion-heading__toggle\"><span class=\"wp-block-accordion-heading__toggle-title\">Our Reflection on Power<\/span><span class=\"wp-block-accordion-heading__toggle-icon\" aria-hidden=\"true\">+<\/span><\/button><\/h3>\n\n\n\n<div inert aria-labelledby=\"accordion-item-3\" data-wp-bind--inert=\"!state.isOpen\" id=\"accordion-item-3-panel\" role=\"region\" class=\"wp-block-accordion-panel is-layout-flow wp-block-accordion-panel-is-layout-flow\">\n<p class=\"has-small-font-size\">We want to work together on equal footing. This is only possible if we are aware of the power dynamics that naturally arise and take the time to reflect on them collectively.<br><br>Power can emerge, for example, through differences in available time and energy, through information held by only a few knowledge-bearers, or through how long someone has already been part of the project. Individually learned strategies for navigating groups and exerting influence can also contribute to imbalances. Power dynamics will always arise\u2014what matters is how consciously we engage with them.<br><br>For a mindful and transparent approach to this:<\/p>\n\n\n\n<ul class=\"wp-block-list\">\n<li class=\"has-small-font-size\">We share all group-relevant information in Telegram channels visible to everyone.<\/li>\n\n\n\n<li class=\"has-small-font-size\">There are designated awareness contacts.<\/li>\n\n\n\n<li class=\"has-small-font-size\">After the season, we hold a supervision session.<\/li>\n\n\n\n<li class=\"has-small-font-size\">We work sociocratically.<\/li>\n<\/ul>\n<\/div>\n<\/div>\n\n\n\n<div data-wp-class--is-open=\"state.isOpen\" data-wp-context=\"{ &quot;id&quot;: &quot;accordion-item-4&quot;, &quot;openByDefault&quot;: false }\" data-wp-init=\"callbacks.initAccordionItems\" data-wp-on-window--hashchange=\"callbacks.hashChange\" class=\"wp-block-accordion-item is-layout-flow wp-block-accordion-item-is-layout-flow\">\n<h3 class=\"wp-block-accordion-heading\"><button aria-expanded=\"false\" aria-controls=\"accordion-item-4-panel\" data-wp-bind--aria-expanded=\"state.isOpen\" data-wp-on--click=\"actions.toggle\" data-wp-on--keydown=\"actions.handleKeyDown\" id=\"accordion-item-4\" type=\"button\" class=\"wp-block-accordion-heading__toggle\"><span class=\"wp-block-accordion-heading__toggle-title\">Our Sociocratic Way of Working<\/span><span class=\"wp-block-accordion-heading__toggle-icon\" aria-hidden=\"true\">+<\/span><\/button><\/h3>\n\n\n\n<div inert aria-labelledby=\"accordion-item-4\" data-wp-bind--inert=\"!state.isOpen\" id=\"accordion-item-4-panel\" role=\"region\" class=\"wp-block-accordion-panel is-layout-flow wp-block-accordion-panel-is-layout-flow\">\n<p class=\"has-small-font-size\">To get started within our Flausch structures, there\u2019s an onboarding process to guide you and make you feel welcome.<\/p>\n\n\n\n<p class=\"has-small-font-size\">Each of us assigns ourselves to a working group (WG). Take your time with this decision, considering both your personal superpowers and where support is currently needed. This creates a balanced mix of joy, skills, and needs.<\/p>\n\n\n\n<p class=\"has-small-font-size\">Working groups send representatives to coordination circle meetings. In these co-circle meetings, the work of the individual groups comes together and is connected.<\/p>\n\n\n\n<p class=\"has-small-font-size\">For our online meetings, we use a shared Zoom room:<br><a href=\"https:\/\/uni-koeln.zoom.us\/j\/98916171692?pwd=a0hZWVFsLzZWZVNYd0Q0NGJYbHhrUT09\">https:\/\/uni-koeln.zoom.us\/j\/98916171692?pwd=a0hZWVFsLzZWZVNYd0Q0NGJYbHhrUT09<\/a><\/p>\n<\/div>\n<\/div>\n\n\n\n<div data-wp-class--is-open=\"state.isOpen\" data-wp-context=\"{ &quot;id&quot;: &quot;accordion-item-5&quot;, &quot;openByDefault&quot;: false }\" data-wp-init=\"callbacks.initAccordionItems\" data-wp-on-window--hashchange=\"callbacks.hashChange\" class=\"wp-block-accordion-item is-layout-flow wp-block-accordion-item-is-layout-flow\">\n<h3 class=\"wp-block-accordion-heading\"><button aria-expanded=\"false\" aria-controls=\"accordion-item-5-panel\" data-wp-bind--aria-expanded=\"state.isOpen\" data-wp-on--click=\"actions.toggle\" data-wp-on--keydown=\"actions.handleKeyDown\" id=\"accordion-item-5\" type=\"button\" class=\"wp-block-accordion-heading__toggle\"><span class=\"wp-block-accordion-heading__toggle-title\">How We Work Within the Working Groups<\/span><span class=\"wp-block-accordion-heading__toggle-icon\" aria-hidden=\"true\">+<\/span><\/button><\/h3>\n\n\n\n<div inert aria-labelledby=\"accordion-item-5\" data-wp-bind--inert=\"!state.isOpen\" id=\"accordion-item-5-panel\" role=\"region\" class=\"wp-block-accordion-panel is-layout-flow wp-block-accordion-panel-is-layout-flow\">\n<p class=\"has-small-font-size\">Feel free to say a quick hello and ask openly for an introduction. No one is expected to know or do everything right away.<\/p>\n\n\n\n<p class=\"has-small-font-size\">Let the people in your working group welcome you and give you a little support until you find your place and your role. Settling in is allowed to take time.<\/p>\n\n\n\n<p class=\"has-small-font-size\">We all share responsibility\u2014both for ourselves and for our work. If you feel that another meeting would be useful, feel free to set up a poll with proposed dates. Equally important: if you can\u2019t make it\u2014because you\u2019re tired or for any other reason\u2014please let your working group know. That\u2019s completely okay.<\/p>\n\n\n\n<p class=\"has-small-font-size\">Need information? Ask within the relevant working group\u2014and don\u2019t hesitate to follow up if you don\u2019t get a response. Sometimes a gentle reminder is all that\u2019s needed.<\/p>\n\n\n\n<p class=\"has-small-font-size\">Feeling a bit lost or is there another topic on your mind? No problem \ud83d\ude42 That\u2019s normal. You can find contacts for this in the working group <strong>\u201cTrusted Contacts &amp; Sociocracy Nerds.\u201d<\/strong>.<\/p>\n<\/div>\n<\/div>\n\n\n\n<div data-wp-class--is-open=\"state.isOpen\" data-wp-context=\"{ &quot;id&quot;: &quot;accordion-item-6&quot;, &quot;openByDefault&quot;: false }\" data-wp-init=\"callbacks.initAccordionItems\" data-wp-on-window--hashchange=\"callbacks.hashChange\" class=\"wp-block-accordion-item is-layout-flow wp-block-accordion-item-is-layout-flow\">\n<h3 class=\"wp-block-accordion-heading\"><button aria-expanded=\"false\" aria-controls=\"accordion-item-6-panel\" data-wp-bind--aria-expanded=\"state.isOpen\" data-wp-on--click=\"actions.toggle\" data-wp-on--keydown=\"actions.handleKeyDown\" id=\"accordion-item-6\" type=\"button\" class=\"wp-block-accordion-heading__toggle\"><span class=\"wp-block-accordion-heading__toggle-title\">How Are We Connected?<\/span><span class=\"wp-block-accordion-heading__toggle-icon\" aria-hidden=\"true\">+<\/span><\/button><\/h3>\n\n\n\n<div inert aria-labelledby=\"accordion-item-6\" data-wp-bind--inert=\"!state.isOpen\" id=\"accordion-item-6-panel\" role=\"region\" class=\"wp-block-accordion-panel is-layout-flow wp-block-accordion-panel-is-layout-flow\">\n<p class=\"has-small-font-size\">For our collaboration, we use several Telegram groups with different focuses:<\/p>\n\n\n\n<p class=\"has-small-font-size\"><strong>Flausch &amp; T\u00fcdel \u2013 Group Space<\/strong><br>For background work such as organizational tasks and structural topics.<\/p>\n\n\n\n<p class=\"has-small-font-size\"><strong>Moyn Flausch 2024<\/strong><br>This is where the working groups around the Moyn Festival come together.<\/p>\n\n\n\n<p class=\"has-small-font-size\"><strong>Mystic Creatures Flausch 2024<\/strong><br>The shared space for all working groups related to the Mystic Creatures Festival.<\/p>\n\n\n\n<p class=\"has-small-font-size\">Digital groups can sometimes make setting boundaries challenging\u2014we all know this. It\u2019s completely fine to actively read and contribute only in the working groups you participate in, as well as in the group <strong>\u201cImportant for Everyone\u201d<\/strong>Everything else can be consciously left aside.<\/p>\n<\/div>\n<\/div>\n<\/div>","protected":false},"excerpt":{"rendered":"","protected":false},"author":1,"featured_media":0,"parent":0,"menu_order":3,"comment_status":"closed","ping_status":"closed","template":"","meta":{"footnotes":""},"class_list":["post-7","page","type-page","status-publish","hentry"],"yoast_head":"<!-- This site is optimized with the Yoast SEO plugin v27.4 - https:\/\/yoast.com\/product\/yoast-seo-wordpress\/ -->\n<title>\u00dcber Flausch &amp; T\u00fcdel - Flausch &amp; T\u00fcdel<\/title>\n<meta name=\"robots\" content=\"index, follow, max-snippet:-1, max-image-preview:large, max-video-preview:-1\" \/>\n<link rel=\"canonical\" href=\"https:\/\/flausch.space\/en\/de\/flauschtuedel\/\" \/>\n<meta property=\"og:locale\" content=\"en_GB\" \/>\n<meta property=\"og:type\" content=\"article\" \/>\n<meta property=\"og:title\" content=\"\u00dcber Flausch &amp; T\u00fcdel - Flausch &amp; T\u00fcdel\" \/>\n<meta property=\"og:url\" content=\"https:\/\/flausch.space\/en\/de\/flauschtuedel\/\" \/>\n<meta property=\"og:site_name\" content=\"Flausch &amp; T\u00fcdel\" \/>\n<meta property=\"article:modified_time\" content=\"2026-03-18T15:31:59+00:00\" \/>\n<meta name=\"twitter:card\" content=\"summary_large_image\" \/>\n<meta name=\"twitter:label1\" content=\"Est. reading time\" \/>\n\t<meta name=\"twitter:data1\" content=\"5 minutes\" \/>\n<script type=\"application\/ld+json\" class=\"yoast-schema-graph\">{\"@context\":\"https:\\\/\\\/schema.org\",\"@graph\":[{\"@type\":\"WebPage\",\"@id\":\"https:\\\/\\\/flausch.space\\\/de\\\/flauschtuedel\\\/\",\"url\":\"https:\\\/\\\/flausch.space\\\/de\\\/flauschtuedel\\\/\",\"name\":\"\u00dcber Flausch &amp; T\u00fcdel - Flausch &amp; T\u00fcdel\",\"isPartOf\":{\"@id\":\"https:\\\/\\\/flausch.space\\\/#website\"},\"datePublished\":\"2026-01-17T16:26:23+00:00\",\"dateModified\":\"2026-03-18T15:31:59+00:00\",\"breadcrumb\":{\"@id\":\"https:\\\/\\\/flausch.space\\\/de\\\/flauschtuedel\\\/#breadcrumb\"},\"inLanguage\":\"en-GB\",\"potentialAction\":[{\"@type\":\"ReadAction\",\"target\":[\"https:\\\/\\\/flausch.space\\\/de\\\/flauschtuedel\\\/\"]}]},{\"@type\":\"BreadcrumbList\",\"@id\":\"https:\\\/\\\/flausch.space\\\/de\\\/flauschtuedel\\\/#breadcrumb\",\"itemListElement\":[{\"@type\":\"ListItem\",\"position\":1,\"name\":\"Start\",\"item\":\"https:\\\/\\\/flausch.space\\\/de\\\/willkommen-bei-flausch-und-tuedel\\\/\"},{\"@type\":\"ListItem\",\"position\":2,\"name\":\"\u00dcber Flausch &amp; T\u00fcdel\"}]},{\"@type\":\"WebSite\",\"@id\":\"https:\\\/\\\/flausch.space\\\/#website\",\"url\":\"https:\\\/\\\/flausch.space\\\/\",\"name\":\"Flausch & T\u00fcdel\",\"description\":\"Flausch &amp; T&uuml;del Psycare\",\"publisher\":{\"@id\":\"https:\\\/\\\/flausch.space\\\/#organization\"},\"potentialAction\":[{\"@type\":\"SearchAction\",\"target\":{\"@type\":\"EntryPoint\",\"urlTemplate\":\"https:\\\/\\\/flausch.space\\\/?s={search_term_string}\"},\"query-input\":{\"@type\":\"PropertyValueSpecification\",\"valueRequired\":true,\"valueName\":\"search_term_string\"}}],\"inLanguage\":\"en-GB\"},{\"@type\":\"Organization\",\"@id\":\"https:\\\/\\\/flausch.space\\\/#organization\",\"name\":\"Flausch & T\u00fcdel\",\"url\":\"https:\\\/\\\/flausch.space\\\/\",\"logo\":{\"@type\":\"ImageObject\",\"inLanguage\":\"en-GB\",\"@id\":\"https:\\\/\\\/flausch.space\\\/#\\\/schema\\\/logo\\\/image\\\/\",\"url\":\"https:\\\/\\\/flausch.space\\\/wp-content\\\/uploads\\\/2026\\\/01\\\/Flausch_Brumm.png\",\"contentUrl\":\"https:\\\/\\\/flausch.space\\\/wp-content\\\/uploads\\\/2026\\\/01\\\/Flausch_Brumm.png\",\"width\":1405,\"height\":1409,\"caption\":\"Flausch & T\u00fcdel\"},\"image\":{\"@id\":\"https:\\\/\\\/flausch.space\\\/#\\\/schema\\\/logo\\\/image\\\/\"}}]}<\/script>\n<!-- \/ Yoast SEO plugin. -->","yoast_head_json":{"title":"\u00dcber Flausch &amp; T\u00fcdel - Flausch &amp; T\u00fcdel","robots":{"index":"index","follow":"follow","max-snippet":"max-snippet:-1","max-image-preview":"max-image-preview:large","max-video-preview":"max-video-preview:-1"},"canonical":"https:\/\/flausch.space\/en\/de\/flauschtuedel\/","og_locale":"en_GB","og_type":"article","og_title":"\u00dcber Flausch &amp; T\u00fcdel - Flausch &amp; T\u00fcdel","og_url":"https:\/\/flausch.space\/en\/de\/flauschtuedel\/","og_site_name":"Flausch &amp; T\u00fcdel","article_modified_time":"2026-03-18T15:31:59+00:00","twitter_card":"summary_large_image","twitter_misc":{"Est. reading time":"5 minutes"},"schema":{"@context":"https:\/\/schema.org","@graph":[{"@type":"WebPage","@id":"https:\/\/flausch.space\/de\/flauschtuedel\/","url":"https:\/\/flausch.space\/de\/flauschtuedel\/","name":"\u00dcber Flausch &amp; T\u00fcdel - Flausch &amp; T\u00fcdel","isPartOf":{"@id":"https:\/\/flausch.space\/#website"},"datePublished":"2026-01-17T16:26:23+00:00","dateModified":"2026-03-18T15:31:59+00:00","breadcrumb":{"@id":"https:\/\/flausch.space\/de\/flauschtuedel\/#breadcrumb"},"inLanguage":"en-GB","potentialAction":[{"@type":"ReadAction","target":["https:\/\/flausch.space\/de\/flauschtuedel\/"]}]},{"@type":"BreadcrumbList","@id":"https:\/\/flausch.space\/de\/flauschtuedel\/#breadcrumb","itemListElement":[{"@type":"ListItem","position":1,"name":"Start","item":"https:\/\/flausch.space\/de\/willkommen-bei-flausch-und-tuedel\/"},{"@type":"ListItem","position":2,"name":"\u00dcber Flausch &amp; T\u00fcdel"}]},{"@type":"WebSite","@id":"https:\/\/flausch.space\/#website","url":"https:\/\/flausch.space\/","name":"Flausch & T\u00fcdel","description":"Flausch &amp; T&uuml;del Psycare","publisher":{"@id":"https:\/\/flausch.space\/#organization"},"potentialAction":[{"@type":"SearchAction","target":{"@type":"EntryPoint","urlTemplate":"https:\/\/flausch.space\/?s={search_term_string}"},"query-input":{"@type":"PropertyValueSpecification","valueRequired":true,"valueName":"search_term_string"}}],"inLanguage":"en-GB"},{"@type":"Organization","@id":"https:\/\/flausch.space\/#organization","name":"Flausch & T\u00fcdel","url":"https:\/\/flausch.space\/","logo":{"@type":"ImageObject","inLanguage":"en-GB","@id":"https:\/\/flausch.space\/#\/schema\/logo\/image\/","url":"https:\/\/flausch.space\/wp-content\/uploads\/2026\/01\/Flausch_Brumm.png","contentUrl":"https:\/\/flausch.space\/wp-content\/uploads\/2026\/01\/Flausch_Brumm.png","width":1405,"height":1409,"caption":"Flausch & T\u00fcdel"},"image":{"@id":"https:\/\/flausch.space\/#\/schema\/logo\/image\/"}}]}},"_links":{"self":[{"href":"https:\/\/flausch.space\/en\/wp-json\/wp\/v2\/pages\/7","targetHints":{"allow":["GET"]}}],"collection":[{"href":"https:\/\/flausch.space\/en\/wp-json\/wp\/v2\/pages"}],"about":[{"href":"https:\/\/flausch.space\/en\/wp-json\/wp\/v2\/types\/page"}],"author":[{"embeddable":true,"href":"https:\/\/flausch.space\/en\/wp-json\/wp\/v2\/users\/1"}],"replies":[{"embeddable":true,"href":"https:\/\/flausch.space\/en\/wp-json\/wp\/v2\/comments?post=7"}],"version-history":[{"count":18,"href":"https:\/\/flausch.space\/en\/wp-json\/wp\/v2\/pages\/7\/revisions"}],"predecessor-version":[{"id":473,"href":"https:\/\/flausch.space\/en\/wp-json\/wp\/v2\/pages\/7\/revisions\/473"}],"wp:attachment":[{"href":"https:\/\/flausch.space\/en\/wp-json\/wp\/v2\/media?parent=7"}],"curies":[{"name":"wp","href":"https:\/\/api.w.org\/{rel}","templated":true}]}}