{"id":7,"date":"2026-01-17T16:26:23","date_gmt":"2026-01-17T16:26:23","guid":{"rendered":"http:\/\/flauschspace.wordpress.com\/?page_id=1"},"modified":"2026-03-18T15:31:59","modified_gmt":"2026-03-18T15:31:59","slug":"flauschtuedel","status":"publish","type":"page","link":"https:\/\/flausch.space\/de_de\/flauschtuedel\/","title":{"rendered":"\u00dcber Flausch &amp; T\u00fcdel"},"content":{"rendered":"\n<div data-wp-context=\"{ &quot;autoclose&quot;: false, &quot;accordionItems&quot;: [] }\" data-wp-interactive=\"core\/accordion\" role=\"group\" class=\"wp-block-accordion is-layout-flow wp-block-accordion-is-layout-flow\">\n<div data-wp-class--is-open=\"state.isOpen\" data-wp-context=\"{ &quot;id&quot;: &quot;accordion-item-1&quot;, &quot;openByDefault&quot;: false }\" data-wp-init=\"callbacks.initAccordionItems\" data-wp-on-window--hashchange=\"callbacks.hashChange\" class=\"wp-block-accordion-item is-layout-flow wp-block-accordion-item-is-layout-flow\">\n<h3 class=\"wp-block-accordion-heading\"><button aria-expanded=\"false\" aria-controls=\"accordion-item-1-panel\" data-wp-bind--aria-expanded=\"state.isOpen\" data-wp-on--click=\"actions.toggle\" data-wp-on--keydown=\"actions.handleKeyDown\" id=\"accordion-item-1\" type=\"button\" class=\"wp-block-accordion-heading__toggle\"><span class=\"wp-block-accordion-heading__toggle-title\">Was machen wir eigentlich?<\/span><span class=\"wp-block-accordion-heading__toggle-icon\" aria-hidden=\"true\">+<\/span><\/button><\/h3>\n\n\n\n<div inert aria-labelledby=\"accordion-item-1\" data-wp-bind--inert=\"!state.isOpen\" id=\"accordion-item-1-panel\" role=\"region\" class=\"wp-block-accordion-panel is-layout-flow wp-block-accordion-panel-is-layout-flow\">\n<p class=\"has-small-font-size\"><strong><strong>Wir machen Nachtleben und Kultur zu sichereren Orten.<\/strong><\/strong><br>Unser Herzensanliegen ist es, diese R\u00e4ume f\u00fcr m\u00f6glichst viele Menschen zug\u00e4nglich und achtsam zu gestalten. Wir unterst\u00fctzen Menschen dabei, ihre Erfahrungen im kulturellen und auch im psychedelischen Kontext besser integrieren zu k\u00f6nnen. Manchmal braucht es daf\u00fcr genau das Richtige zur richtigen Zeit: Ruhe, Pr\u00e4senz und einen sicheren Hafen zum Ankommen.<br><br>Wenn Menschen zur Ruhe kommen k\u00f6nnen, f\u00e4llt es ihnen leichter, mit herausfordernden Situationen umzugehen und aus ihren Erfahrungen zu lernen. Diese innere Klarheit wirkt weiter \u2013 in den kulturellen Raum, den sie mitgestalten und pr\u00e4gen.<br><br>Deshalb wirken wir auf mehreren Ebenen direkt auf Veranstaltungen ein.<br>Pers\u00f6nlich, indem wir f\u00fcr Menschen da sind.<br>Ganzheitlich, indem wir sie dabei unterst\u00fctzen, bewusstere Entscheidungen zu treffen.<br>Und ganz praktisch, mit konkreten Tipps und Werkzeugen, um Events sicherer, achtsamer und nachhaltiger zu machen.<\/p>\n\n\n\n<p class=\"has-small-font-size\">Unser Ziel ist ein bewussterer Umgang mit Kultur, Konsum und Miteinander.<br><br>Das tun wir unter anderem durch:<\/p>\n\n\n\n<ul class=\"wp-block-list\">\n<li class=\"has-small-font-size\"><strong>PsyCare<\/strong><\/li>\n\n\n\n<li class=\"has-small-font-size\"><strong>Safer Use &amp; Harm Reduction<\/strong><\/li>\n\n\n\n<li class=\"has-small-font-size\"><strong>Unterst\u00fctzung von Veranstaltenden<\/strong> bei nachhaltiger Event-Gestaltung<\/li>\n\n\n\n<li class=\"has-small-font-size\"><strong>Crew Care &amp; Awareness<\/strong><\/li>\n<\/ul>\n\n\n\n<p class=\"has-small-font-size\">Das ist der Flausch, den wir nach au\u00dfen in die Gesellschaft tragen.<br>Der Flausch, der bei uns beginnt \u2013 im eigenen Herzen, im Miteinander, im Team.<\/p>\n\n\n\n<p class=\"has-small-font-size\">Viel Spa\u00df &lt;3<\/p>\n<\/div>\n<\/div>\n\n\n\n<div data-wp-class--is-open=\"state.isOpen\" data-wp-context=\"{ &quot;id&quot;: &quot;accordion-item-2&quot;, &quot;openByDefault&quot;: false }\" data-wp-init=\"callbacks.initAccordionItems\" data-wp-on-window--hashchange=\"callbacks.hashChange\" class=\"wp-block-accordion-item is-layout-flow wp-block-accordion-item-is-layout-flow\">\n<h3 class=\"wp-block-accordion-heading\"><button aria-expanded=\"false\" aria-controls=\"accordion-item-2-panel\" data-wp-bind--aria-expanded=\"state.isOpen\" data-wp-on--click=\"actions.toggle\" data-wp-on--keydown=\"actions.handleKeyDown\" id=\"accordion-item-2\" type=\"button\" class=\"wp-block-accordion-heading__toggle\"><span class=\"wp-block-accordion-heading__toggle-title\">Gemeinschaft und SelfCare<\/span><span class=\"wp-block-accordion-heading__toggle-icon\" aria-hidden=\"true\">+<\/span><\/button><\/h3>\n\n\n\n<div inert aria-labelledby=\"accordion-item-2\" data-wp-bind--inert=\"!state.isOpen\" id=\"accordion-item-2-panel\" role=\"region\" class=\"wp-block-accordion-panel is-layout-flow wp-block-accordion-panel-is-layout-flow\">\n<p class=\"has-small-font-size\">Das Fundament unserer gemeinsamen Arbeit ist, dass wir gut auf uns selbst und aufeinander achten.<br><br>Unsere eigenen Bed\u00fcrfnisse wahrzunehmen und sie in der Gruppe zu teilen, ist das Herzst\u00fcck unserer Verbindung und unseres Wirkens. Nur so k\u00f6nnen wir einander \u2013 und unseren G\u00e4sten \u2013 offen, achtsam und sensibel begegnen.<br><br>Nat\u00fcrlich gelingt uns das nicht immer. Das ist menschlich, und dessen sind wir uns bewusst. Dieses Bewusstsein hilft uns, auch dann liebevoll miteinander zu bleiben, wenn jemand gerade dichtmacht, sich zur\u00fcckzieht oder Abstand braucht \u2013 und diese Menschen weiterhin als wertvollen Teil unseres Flauschhaufens zu erleben.<br><br>Wir alle sind auf dem Weg, einen f\u00fcr uns stimmigen Umgang mit N\u00e4he und Distanz zu finden. Uns selbst und anderen einzugestehen, dass wir dabei Lernende sind, st\u00e4rkt unser Vertrauen \u2013 und macht es m\u00f6glich, wirklich auf uns und aufeinander aufzupassen.<\/p>\n<\/div>\n<\/div>\n\n\n\n<div data-wp-class--is-open=\"state.isOpen\" data-wp-context=\"{ &quot;id&quot;: &quot;accordion-item-3&quot;, &quot;openByDefault&quot;: false }\" data-wp-init=\"callbacks.initAccordionItems\" data-wp-on-window--hashchange=\"callbacks.hashChange\" class=\"wp-block-accordion-item is-layout-flow wp-block-accordion-item-is-layout-flow\">\n<h3 class=\"wp-block-accordion-heading\"><button aria-expanded=\"false\" aria-controls=\"accordion-item-3-panel\" data-wp-bind--aria-expanded=\"state.isOpen\" data-wp-on--click=\"actions.toggle\" data-wp-on--keydown=\"actions.handleKeyDown\" id=\"accordion-item-3\" type=\"button\" class=\"wp-block-accordion-heading__toggle\"><span class=\"wp-block-accordion-heading__toggle-title\">Unsere Machtreflektion<\/span><span class=\"wp-block-accordion-heading__toggle-icon\" aria-hidden=\"true\">+<\/span><\/button><\/h3>\n\n\n\n<div inert aria-labelledby=\"accordion-item-3\" data-wp-bind--inert=\"!state.isOpen\" id=\"accordion-item-3-panel\" role=\"region\" class=\"wp-block-accordion-panel is-layout-flow wp-block-accordion-panel-is-layout-flow\">\n<p class=\"has-small-font-size\">Wir m\u00f6chten auf Augenh\u00f6he miteinander arbeiten. Das gelingt nur, wenn wir uns der automatisch entstehenden Machtverh\u00e4ltnisse bewusst sind und sie gemeinsam reflektieren.<br><br>Macht entsteht zum Beispiel durch unterschiedlich verf\u00fcgbare Zeit und Energie, durch Informationen, die bei wenigen Wissenstr\u00e4ger*innen geb\u00fcndelt sind, oder durch die Dauer, die jemand bereits Teil des Projekts ist. Auch individuell erlernte Strategien, sich in Gruppen zu bewegen und Einfluss zu nehmen, k\u00f6nnen zu Machtgef\u00e4llen beitragen. Machtdynamiken entstehen also immer \u2013 entscheidend ist, wie bewusst wir mit ihnen umgehen.<br><br>F\u00fcr einen achtsamen und transparenten Umgang damit:<\/p>\n\n\n\n<ul class=\"wp-block-list\">\n<li class=\"has-small-font-size\">teilen wir alle gruppenrelevanten Infos in den f\u00fcr alle einsichtigen Telegramchannels<\/li>\n\n\n\n<li class=\"has-small-font-size\">gibt es Awareness-Ansprechpersonen. Aktueller AK Awareness: Vivi und Freddie<\/li>\n\n\n\n<li class=\"has-small-font-size\">machen wir nach der Saison eine Supervision<\/li>\n\n\n\n<li class=\"has-small-font-size\">arbeiten wir soziokratisch<\/li>\n<\/ul>\n<\/div>\n<\/div>\n\n\n\n<div data-wp-class--is-open=\"state.isOpen\" data-wp-context=\"{ &quot;id&quot;: &quot;accordion-item-4&quot;, &quot;openByDefault&quot;: false }\" data-wp-init=\"callbacks.initAccordionItems\" data-wp-on-window--hashchange=\"callbacks.hashChange\" class=\"wp-block-accordion-item is-layout-flow wp-block-accordion-item-is-layout-flow\">\n<h3 class=\"wp-block-accordion-heading\"><button aria-expanded=\"false\" aria-controls=\"accordion-item-4-panel\" data-wp-bind--aria-expanded=\"state.isOpen\" data-wp-on--click=\"actions.toggle\" data-wp-on--keydown=\"actions.handleKeyDown\" id=\"accordion-item-4\" type=\"button\" class=\"wp-block-accordion-heading__toggle\"><span class=\"wp-block-accordion-heading__toggle-title\">Unsere soziokratische Arbeitsweise<\/span><span class=\"wp-block-accordion-heading__toggle-icon\" aria-hidden=\"true\">+<\/span><\/button><\/h3>\n\n\n\n<div inert aria-labelledby=\"accordion-item-4\" data-wp-bind--inert=\"!state.isOpen\" id=\"accordion-item-4-panel\" role=\"region\" class=\"wp-block-accordion-panel is-layout-flow wp-block-accordion-panel-is-layout-flow\">\n<p class=\"has-small-font-size\">F\u00fcr den Einstieg in unsere Flauschstrukturen gibt es ein Onboarding, das dir Orientierung gibt und dich willkommen hei\u00dft.<\/p>\n\n\n\n<p class=\"has-small-font-size\">Alle von uns ordnen sich selbst einem Arbeitskreis (AK) zu. Nimm dir daf\u00fcr gern ausreichend Zeit und entscheide nach deinen pers\u00f6nlichen Superpowers \u2013 und danach, wo gerade Unterst\u00fctzung gebraucht wird. So entsteht ein gutes Zusammenspiel aus Freude, F\u00e4higkeiten und Bedarf.<\/p>\n\n\n\n<p class=\"has-small-font-size\">Die Arbeitskreise entsenden Abgesandte in die Koordinationskreistreffen. In diesen Ko-Kreis-Treffen flie\u00dft die Arbeit der einzelnen Kreise zusammen und wird miteinander verbunden.<\/p>\n\n\n\n<p class=\"has-small-font-size\">F\u00fcr unsere Online-Treffen nutzen wir einen gemeinsamen Zoom-Raum:<br><a href=\"https:\/\/uni-koeln.zoom.us\/j\/98916171692?pwd=a0hZWVFsLzZWZVNYd0Q0NGJYbHhrUT09\">https:\/\/uni-koeln.zoom.us\/j\/98916171692?pwd=a0hZWVFsLzZWZVNYd0Q0NGJYbHhrUT09<\/a><\/p>\n<\/div>\n<\/div>\n\n\n\n<div data-wp-class--is-open=\"state.isOpen\" data-wp-context=\"{ &quot;id&quot;: &quot;accordion-item-5&quot;, &quot;openByDefault&quot;: false }\" data-wp-init=\"callbacks.initAccordionItems\" data-wp-on-window--hashchange=\"callbacks.hashChange\" class=\"wp-block-accordion-item is-layout-flow wp-block-accordion-item-is-layout-flow\">\n<h3 class=\"wp-block-accordion-heading\"><button aria-expanded=\"false\" aria-controls=\"accordion-item-5-panel\" data-wp-bind--aria-expanded=\"state.isOpen\" data-wp-on--click=\"actions.toggle\" data-wp-on--keydown=\"actions.handleKeyDown\" id=\"accordion-item-5\" type=\"button\" class=\"wp-block-accordion-heading__toggle\"><span class=\"wp-block-accordion-heading__toggle-title\">Umgang in den Arbeitskreisen<\/span><span class=\"wp-block-accordion-heading__toggle-icon\" aria-hidden=\"true\">+<\/span><\/button><\/h3>\n\n\n\n<div inert aria-labelledby=\"accordion-item-5\" data-wp-bind--inert=\"!state.isOpen\" id=\"accordion-item-5-panel\" role=\"region\" class=\"wp-block-accordion-panel is-layout-flow wp-block-accordion-panel-is-layout-flow\">\n<p class=\"has-small-font-size\">Sag gern kurz Hallo und frag offen nach einer Einf\u00fchrung. Niemand muss hier alles sofort wissen oder k\u00f6nnen.<\/p>\n\n\n\n<p class=\"has-small-font-size\">Lass dich von den Menschis aus deinem Arbeitskreis abholen und ein bisschen bet\u00fcdeln, bis du deinen Platz und deine Aufgabe gefunden hast. Ankommen darf Zeit brauchen.<\/p>\n\n\n\n<p class=\"has-small-font-size\">Wir alle tragen gemeinsam Verantwortung f\u00fcr uns selbst und f\u00fcr unsere Arbeit. Wenn du sp\u00fcrst, dass ein n\u00e4chstes Treffen sinnvoll w\u00e4re, stell gern eine Umfrage mit Terminvorschl\u00e4gen ein. Und genauso wichtig: Wenn du gerade nicht kannst \u2013 weil du ersch\u00f6pft bist oder aus anderen Gr\u00fcnden \u2013 sag deinem Arbeitskreis bitte Bescheid. Das ist v\u00f6llig okay.<\/p>\n\n\n\n<p class=\"has-small-font-size\">Du brauchst Informationen? Frag gern im passenden Arbeitskreis nach \u2013 und hake ruhig noch einmal nach, falls keine Antwort kommt. Manchmal braucht es einfach einen kleinen Reminder.<\/p>\n\n\n\n<p class=\"has-small-font-size\">Du f\u00fchlst dich gerade orientierungslos oder es gibt ein anderes Thema? Kein Problem \ud83d\ude42 Das ist normal. Ansprechpartner*innen daf\u00fcr findest du im Arbeitskreis <strong>\u201eVertrauenspersonen und Soziokratienerds\u201c<\/strong>.<\/p>\n<\/div>\n<\/div>\n\n\n\n<div data-wp-class--is-open=\"state.isOpen\" data-wp-context=\"{ &quot;id&quot;: &quot;accordion-item-6&quot;, &quot;openByDefault&quot;: false }\" data-wp-init=\"callbacks.initAccordionItems\" data-wp-on-window--hashchange=\"callbacks.hashChange\" class=\"wp-block-accordion-item is-layout-flow wp-block-accordion-item-is-layout-flow\">\n<h3 class=\"wp-block-accordion-heading\"><button aria-expanded=\"false\" aria-controls=\"accordion-item-6-panel\" data-wp-bind--aria-expanded=\"state.isOpen\" data-wp-on--click=\"actions.toggle\" data-wp-on--keydown=\"actions.handleKeyDown\" id=\"accordion-item-6\" type=\"button\" class=\"wp-block-accordion-heading__toggle\"><span class=\"wp-block-accordion-heading__toggle-title\">Wie sind wir vernetzt?<\/span><span class=\"wp-block-accordion-heading__toggle-icon\" aria-hidden=\"true\">+<\/span><\/button><\/h3>\n\n\n\n<div inert aria-labelledby=\"accordion-item-6\" data-wp-bind--inert=\"!state.isOpen\" id=\"accordion-item-6-panel\" role=\"region\" class=\"wp-block-accordion-panel is-layout-flow wp-block-accordion-panel-is-layout-flow\">\n<p class=\"has-small-font-size\">F\u00fcr unsere Zusammenarbeit gibt es verschiedene Telegram-Gruppen mit unterschiedlichen Schwerpunkten:<\/p>\n\n\n\n<p class=\"has-small-font-size\"><strong>Flausch &amp; T\u00fcdel \u2013 Vereins Space<\/strong><br>F\u00fcr Hintergrundarbeit wie Vereinsorganisation und strukturelle Themen.<\/p>\n\n\n\n<p class=\"has-small-font-size\"><strong>Moyn Flausch 2024<\/strong><br>Hier b\u00fcndeln sich die Arbeitskreise rund um das Moyn-Festival.<\/p>\n\n\n\n<p class=\"has-small-font-size\"><strong>Mystic Creatures Flausch 2024<\/strong><br>Der gemeinsame Raum f\u00fcr alle Arbeitskreise zum Mystic-Creatures-Festival.<\/p>\n\n\n\n<p class=\"has-small-font-size\">Gerade in digitalen Gruppen kann Abgrenzung manchmal herausfordernd sein \u2013 das kennen wir alle. Es reicht v\u00f6llig, wenn du in den Arbeitskreisen aktiv mitliest und dich einbringst, in denen du auch mitarbeitest, sowie in der Gruppe <strong>\u201eWichtig f\u00fcr Alle\u201c<\/strong>. Alles andere darfst du bewusst loslassen.<\/p>\n<\/div>\n<\/div>\n<\/div>\n","protected":false},"excerpt":{"rendered":"","protected":false},"author":1,"featured_media":0,"parent":0,"menu_order":3,"comment_status":"closed","ping_status":"closed","template":"","meta":{"footnotes":""},"class_list":["post-7","page","type-page","status-publish","hentry"],"yoast_head":"<!-- This site is optimized with the Yoast SEO plugin v27.4 - https:\/\/yoast.com\/product\/yoast-seo-wordpress\/ -->\n<title>\u00dcber Flausch &amp; T\u00fcdel - Flausch &amp; T\u00fcdel<\/title>\n<meta name=\"robots\" content=\"index, follow, max-snippet:-1, max-image-preview:large, max-video-preview:-1\" \/>\n<link rel=\"canonical\" href=\"https:\/\/flausch.space\/de_de\/de\/flauschtuedel\/\" \/>\n<meta property=\"og:locale\" content=\"de_DE\" \/>\n<meta property=\"og:type\" content=\"article\" \/>\n<meta property=\"og:title\" content=\"\u00dcber Flausch &amp; T\u00fcdel - Flausch &amp; T\u00fcdel\" \/>\n<meta property=\"og:url\" content=\"https:\/\/flausch.space\/de_de\/de\/flauschtuedel\/\" \/>\n<meta property=\"og:site_name\" content=\"Flausch &amp; T\u00fcdel\" \/>\n<meta property=\"article:modified_time\" content=\"2026-03-18T15:31:59+00:00\" \/>\n<meta name=\"twitter:card\" content=\"summary_large_image\" \/>\n<meta name=\"twitter:label1\" content=\"Gesch\u00e4tzte Lesezeit\" \/>\n\t<meta name=\"twitter:data1\" content=\"5\u00a0Minuten\" \/>\n<script type=\"application\/ld+json\" class=\"yoast-schema-graph\">{\"@context\":\"https:\\\/\\\/schema.org\",\"@graph\":[{\"@type\":\"WebPage\",\"@id\":\"https:\\\/\\\/flausch.space\\\/de\\\/flauschtuedel\\\/\",\"url\":\"https:\\\/\\\/flausch.space\\\/de\\\/flauschtuedel\\\/\",\"name\":\"\u00dcber Flausch &amp; T\u00fcdel - Flausch &amp; T\u00fcdel\",\"isPartOf\":{\"@id\":\"https:\\\/\\\/flausch.space\\\/#website\"},\"datePublished\":\"2026-01-17T16:26:23+00:00\",\"dateModified\":\"2026-03-18T15:31:59+00:00\",\"breadcrumb\":{\"@id\":\"https:\\\/\\\/flausch.space\\\/de\\\/flauschtuedel\\\/#breadcrumb\"},\"inLanguage\":\"de\",\"potentialAction\":[{\"@type\":\"ReadAction\",\"target\":[\"https:\\\/\\\/flausch.space\\\/de\\\/flauschtuedel\\\/\"]}]},{\"@type\":\"BreadcrumbList\",\"@id\":\"https:\\\/\\\/flausch.space\\\/de\\\/flauschtuedel\\\/#breadcrumb\",\"itemListElement\":[{\"@type\":\"ListItem\",\"position\":1,\"name\":\"Start\",\"item\":\"https:\\\/\\\/flausch.space\\\/de\\\/willkommen-bei-flausch-und-tuedel\\\/\"},{\"@type\":\"ListItem\",\"position\":2,\"name\":\"\u00dcber Flausch &amp; T\u00fcdel\"}]},{\"@type\":\"WebSite\",\"@id\":\"https:\\\/\\\/flausch.space\\\/#website\",\"url\":\"https:\\\/\\\/flausch.space\\\/\",\"name\":\"Flausch & T\u00fcdel\",\"description\":\"Flausch &amp; T&uuml;del Psycare\",\"publisher\":{\"@id\":\"https:\\\/\\\/flausch.space\\\/#organization\"},\"potentialAction\":[{\"@type\":\"SearchAction\",\"target\":{\"@type\":\"EntryPoint\",\"urlTemplate\":\"https:\\\/\\\/flausch.space\\\/?s={search_term_string}\"},\"query-input\":{\"@type\":\"PropertyValueSpecification\",\"valueRequired\":true,\"valueName\":\"search_term_string\"}}],\"inLanguage\":\"de\"},{\"@type\":\"Organization\",\"@id\":\"https:\\\/\\\/flausch.space\\\/#organization\",\"name\":\"Flausch & T\u00fcdel\",\"url\":\"https:\\\/\\\/flausch.space\\\/\",\"logo\":{\"@type\":\"ImageObject\",\"inLanguage\":\"de\",\"@id\":\"https:\\\/\\\/flausch.space\\\/#\\\/schema\\\/logo\\\/image\\\/\",\"url\":\"https:\\\/\\\/flausch.space\\\/wp-content\\\/uploads\\\/2026\\\/01\\\/Flausch_Brumm.png\",\"contentUrl\":\"https:\\\/\\\/flausch.space\\\/wp-content\\\/uploads\\\/2026\\\/01\\\/Flausch_Brumm.png\",\"width\":1405,\"height\":1409,\"caption\":\"Flausch & T\u00fcdel\"},\"image\":{\"@id\":\"https:\\\/\\\/flausch.space\\\/#\\\/schema\\\/logo\\\/image\\\/\"}}]}<\/script>\n<!-- \/ Yoast SEO plugin. -->","yoast_head_json":{"title":"\u00dcber Flausch &amp; T\u00fcdel - Flausch &amp; T\u00fcdel","robots":{"index":"index","follow":"follow","max-snippet":"max-snippet:-1","max-image-preview":"max-image-preview:large","max-video-preview":"max-video-preview:-1"},"canonical":"https:\/\/flausch.space\/de_de\/de\/flauschtuedel\/","og_locale":"de_DE","og_type":"article","og_title":"\u00dcber Flausch &amp; T\u00fcdel - Flausch &amp; T\u00fcdel","og_url":"https:\/\/flausch.space\/de_de\/de\/flauschtuedel\/","og_site_name":"Flausch &amp; T\u00fcdel","article_modified_time":"2026-03-18T15:31:59+00:00","twitter_card":"summary_large_image","twitter_misc":{"Gesch\u00e4tzte Lesezeit":"5\u00a0Minuten"},"schema":{"@context":"https:\/\/schema.org","@graph":[{"@type":"WebPage","@id":"https:\/\/flausch.space\/de\/flauschtuedel\/","url":"https:\/\/flausch.space\/de\/flauschtuedel\/","name":"\u00dcber Flausch &amp; T\u00fcdel - Flausch &amp; T\u00fcdel","isPartOf":{"@id":"https:\/\/flausch.space\/#website"},"datePublished":"2026-01-17T16:26:23+00:00","dateModified":"2026-03-18T15:31:59+00:00","breadcrumb":{"@id":"https:\/\/flausch.space\/de\/flauschtuedel\/#breadcrumb"},"inLanguage":"de","potentialAction":[{"@type":"ReadAction","target":["https:\/\/flausch.space\/de\/flauschtuedel\/"]}]},{"@type":"BreadcrumbList","@id":"https:\/\/flausch.space\/de\/flauschtuedel\/#breadcrumb","itemListElement":[{"@type":"ListItem","position":1,"name":"Start","item":"https:\/\/flausch.space\/de\/willkommen-bei-flausch-und-tuedel\/"},{"@type":"ListItem","position":2,"name":"\u00dcber Flausch &amp; T\u00fcdel"}]},{"@type":"WebSite","@id":"https:\/\/flausch.space\/#website","url":"https:\/\/flausch.space\/","name":"Flausch & T\u00fcdel","description":"Flausch &amp; T&uuml;del Psycare","publisher":{"@id":"https:\/\/flausch.space\/#organization"},"potentialAction":[{"@type":"SearchAction","target":{"@type":"EntryPoint","urlTemplate":"https:\/\/flausch.space\/?s={search_term_string}"},"query-input":{"@type":"PropertyValueSpecification","valueRequired":true,"valueName":"search_term_string"}}],"inLanguage":"de"},{"@type":"Organization","@id":"https:\/\/flausch.space\/#organization","name":"Flausch & T\u00fcdel","url":"https:\/\/flausch.space\/","logo":{"@type":"ImageObject","inLanguage":"de","@id":"https:\/\/flausch.space\/#\/schema\/logo\/image\/","url":"https:\/\/flausch.space\/wp-content\/uploads\/2026\/01\/Flausch_Brumm.png","contentUrl":"https:\/\/flausch.space\/wp-content\/uploads\/2026\/01\/Flausch_Brumm.png","width":1405,"height":1409,"caption":"Flausch & T\u00fcdel"},"image":{"@id":"https:\/\/flausch.space\/#\/schema\/logo\/image\/"}}]}},"_links":{"self":[{"href":"https:\/\/flausch.space\/de_de\/wp-json\/wp\/v2\/pages\/7","targetHints":{"allow":["GET"]}}],"collection":[{"href":"https:\/\/flausch.space\/de_de\/wp-json\/wp\/v2\/pages"}],"about":[{"href":"https:\/\/flausch.space\/de_de\/wp-json\/wp\/v2\/types\/page"}],"author":[{"embeddable":true,"href":"https:\/\/flausch.space\/de_de\/wp-json\/wp\/v2\/users\/1"}],"replies":[{"embeddable":true,"href":"https:\/\/flausch.space\/de_de\/wp-json\/wp\/v2\/comments?post=7"}],"version-history":[{"count":18,"href":"https:\/\/flausch.space\/de_de\/wp-json\/wp\/v2\/pages\/7\/revisions"}],"predecessor-version":[{"id":473,"href":"https:\/\/flausch.space\/de_de\/wp-json\/wp\/v2\/pages\/7\/revisions\/473"}],"wp:attachment":[{"href":"https:\/\/flausch.space\/de_de\/wp-json\/wp\/v2\/media?parent=7"}],"curies":[{"name":"wp","href":"https:\/\/api.w.org\/{rel}","templated":true}]}}