{"id":330,"date":"2026-02-27T20:05:12","date_gmt":"2026-02-27T20:05:12","guid":{"rendered":"https:\/\/flausch.space\/?page_id=330"},"modified":"2026-03-31T16:18:19","modified_gmt":"2026-03-31T15:18:19","slug":"was-ist-eigentlich-psycare","status":"publish","type":"page","link":"https:\/\/flausch.space\/de_de\/was-ist-eigentlich-psycare\/","title":{"rendered":"Was ist eigentlich PsyCare?"},"content":{"rendered":"\n<div data-wp-context=\"{ &quot;autoclose&quot;: false, &quot;accordionItems&quot;: [] }\" data-wp-interactive=\"core\/accordion\" role=\"group\" class=\"wp-block-accordion is-layout-flow wp-block-accordion-is-layout-flow\">\n<div data-wp-class--is-open=\"state.isOpen\" data-wp-context=\"{ &quot;id&quot;: &quot;accordion-item-1&quot;, &quot;openByDefault&quot;: false }\" data-wp-init=\"callbacks.initAccordionItems\" data-wp-on-window--hashchange=\"callbacks.hashChange\" class=\"wp-block-accordion-item is-layout-flow wp-block-accordion-item-is-layout-flow\">\n<h3 class=\"wp-block-accordion-heading\"><button aria-expanded=\"false\" aria-controls=\"accordion-item-1-panel\" data-wp-bind--aria-expanded=\"state.isOpen\" data-wp-on--click=\"actions.toggle\" data-wp-on--keydown=\"actions.handleKeyDown\" id=\"accordion-item-1\" type=\"button\" class=\"wp-block-accordion-heading__toggle\"><span class=\"wp-block-accordion-heading__toggle-title\">Was ist eigentlich PsyCare?<\/span><span class=\"wp-block-accordion-heading__toggle-icon\" aria-hidden=\"true\">+<\/span><\/button><\/h3>\n\n\n\n<div inert aria-labelledby=\"accordion-item-1\" data-wp-bind--inert=\"!state.isOpen\" id=\"accordion-item-1-panel\" role=\"region\" class=\"wp-block-accordion-panel is-layout-flow wp-block-accordion-panel-is-layout-flow\">\n<p><strong>Allgemeine Informationen<\/strong><\/p>\n\n\n\n<p>Eine gut gestaltete Party verringert das Risiko f\u00fcr Notf\u00e4lle und schafft R\u00e4ume, in denen sich Besucher*innen \u2013 egal ob sie konsumieren oder nicht \u2013 wohlf\u00fchlen k\u00f6nnen. Unser Anliegen mit der&nbsp;<strong>PsyCare<\/strong>&nbsp;ist es, Partybesucher*innen mit einer m\u00f6glichst guten Atmosph\u00e4re sowie Informationen zu versorgen.<\/p>\n\n\n\n<p><strong>PsyCare<\/strong>&nbsp;bezeichnet die Begleitung von Menschen in akuten emotionalen oder psychischen Ausnahmezust\u00e4nden oder Krisensituationen im Party-Setting. Dies steht h\u00e4ufig, aber nicht immer, im Zusammenhang mit Substanzkonsum.<\/p>\n\n\n\n<p>Andere wichtige Ausl\u00f6se- und Einflussfaktoren sind dabei h\u00e4ufig Schlafmangel, Reiz\u00fcberflutung, Menschenmassen, (sexuelle, k\u00f6rperliche) Gewalt, K\u00e4lte, N\u00e4sse, schlechte Sichtverh\u00e4ltnisse usw.<\/p>\n\n\n\n<p><strong>Ziele sind z.B.:<\/strong><\/p>\n\n\n\n<ul class=\"wp-block-list\">\n<li>die Unterst\u00fctzung und Begleitung (keine Therapie) in Krisensituationen,<\/li>\n\n\n\n<li>menschlicher, unterst\u00fctzender Kontakt, bei Bedarf auch im 1:1-Setting,<\/li>\n\n\n\n<li>das Erf\u00fcllen von Grundbed\u00fcrfnissen (W\u00e4rme, Nahrung, Sicherheit, Schlaf),<\/li>\n\n\n\n<li>die Assistenz bei basalen Aktivit\u00e4ten (Toilettengang, Heimweg\u2026),<\/li>\n\n\n\n<li>die Einsch\u00e4tzung der Situation, um ggf. die Rettungskette in Gang zu setzen.<\/li>\n<\/ul>\n\n\n\n<p>Daf\u00fcr gestalten wir gesch\u00fctzte, konsumfreie R\u00e4ume, die zum Ausruhen, Runterkommen und Kreativsein einladen. Dabei soll weder der Chillout-Space ersetzt, noch ein Konsumraum geschaffen werden. Je nach Gr\u00f6\u00dfe der Party oder des Festivals sind wir mit einem entsprechend gro\u00dfen Team vor Ort, das eng mit den Sanit\u00e4ter*innen zusammenarbeitet. Alle Mitarbeiter*innen sind umfangreich zu relevanten Themen wie Substanzkunde, Erste Hilfe (im Drogennotfall) und Krisenintervention geschult.<\/p>\n\n\n\n<p>Quelle: <a href=\"https:\/\/sonics-netzwerk.net\/\">https:\/\/sonics-netzwerk.net\/<\/a><\/p>\n\n\n\n<p>Weiterf\u00fchrende Informationen: <a href=\"https:\/\/psychsitter.com\">https:\/\/psychsitter.com<\/a><\/p>\n<\/div>\n<\/div>\n<\/div>\n\n\n\n<div data-wp-context=\"{ &quot;autoclose&quot;: false, &quot;accordionItems&quot;: [] }\" data-wp-interactive=\"core\/accordion\" role=\"group\" class=\"wp-block-accordion is-layout-flow wp-block-accordion-is-layout-flow\">\n<div data-wp-class--is-open=\"state.isOpen\" data-wp-context=\"{ &quot;id&quot;: &quot;accordion-item-2&quot;, &quot;openByDefault&quot;: false }\" data-wp-init=\"callbacks.initAccordionItems\" data-wp-on-window--hashchange=\"callbacks.hashChange\" class=\"wp-block-accordion-item is-layout-flow wp-block-accordion-item-is-layout-flow\">\n<h3 class=\"wp-block-accordion-heading\"><button aria-expanded=\"false\" aria-controls=\"accordion-item-2-panel\" data-wp-bind--aria-expanded=\"state.isOpen\" data-wp-on--click=\"actions.toggle\" data-wp-on--keydown=\"actions.handleKeyDown\" id=\"accordion-item-2\" type=\"button\" class=\"wp-block-accordion-heading__toggle\"><span class=\"wp-block-accordion-heading__toggle-title\">Flausch &amp; T\u00fcdel &gt; PsyCare deluxe oder PsyCare 2.0<\/span><span class=\"wp-block-accordion-heading__toggle-icon\" aria-hidden=\"true\">+<\/span><\/button><\/h3>\n\n\n\n<div inert aria-labelledby=\"accordion-item-2\" data-wp-bind--inert=\"!state.isOpen\" id=\"accordion-item-2-panel\" role=\"region\" class=\"wp-block-accordion-panel is-layout-flow wp-block-accordion-panel-is-layout-flow\">\n<p>Bei uns dreht sich alles um <strong>PsyCare<\/strong>, <strong>Harm Reduction<\/strong>, <strong>Safer Use<\/strong> und fundierte Aufkl\u00e4rung \u2013 und nat\u00fcrlich um <strong>Flausch &amp; T\u00fcdel<\/strong>.<\/p>\n\n\n\n<p>Wir m\u00f6chten einen Raum schaffen, in dem Wissen geteilt, Unterst\u00fctzung angeboten und ein achtsamer Umgang miteinander gelebt wird. Dabei verbinden wir Szene-Erfahrung mit Offenheit: Insider-Wissen trifft auf neugierige Raver*innen, Erfahrene auf Neulinge.<\/p>\n\n\n\n<p>Bei uns kommen ganz unterschiedliche Menschen zusammen \u2013 geschulte und noch lernende, Awareness-orientierte Personen, Menschen mit Drug-Checking-Know-how sowie Engagierte aus verschiedensten beruflichen und pers\u00f6nlichen Hintergr\u00fcnden.<\/p>\n\n\n\n<p>Was uns verbindet, ist der Wunsch nach mehr Sicherheit, Verantwortung, Gemeinschaft und einem respektvollen Miteinander. Vielfalt ist f\u00fcr uns kein Schlagwort, sondern gelebte Praxis \u2013 und unsere Liste an Perspektiven und Kompetenzen w\u00e4chst stetig weiter.<\/p>\n<\/div>\n<\/div>\n<\/div>\n\n\n\n<div data-wp-context=\"{ &quot;autoclose&quot;: false, &quot;accordionItems&quot;: [] }\" data-wp-interactive=\"core\/accordion\" role=\"group\" class=\"wp-block-accordion is-layout-flow wp-block-accordion-is-layout-flow\">\n<div data-wp-class--is-open=\"state.isOpen\" data-wp-context=\"{ &quot;id&quot;: &quot;accordion-item-3&quot;, &quot;openByDefault&quot;: false }\" data-wp-init=\"callbacks.initAccordionItems\" data-wp-on-window--hashchange=\"callbacks.hashChange\" class=\"wp-block-accordion-item is-layout-flow wp-block-accordion-item-is-layout-flow\">\n<h3 class=\"wp-block-accordion-heading\"><button aria-expanded=\"false\" aria-controls=\"accordion-item-3-panel\" data-wp-bind--aria-expanded=\"state.isOpen\" data-wp-on--click=\"actions.toggle\" data-wp-on--keydown=\"actions.handleKeyDown\" id=\"accordion-item-3\" type=\"button\" class=\"wp-block-accordion-heading__toggle\"><span class=\"wp-block-accordion-heading__toggle-title\">Welche Rolle haben wir?<\/span><span class=\"wp-block-accordion-heading__toggle-icon\" aria-hidden=\"true\">+<\/span><\/button><\/h3>\n\n\n\n<div inert aria-labelledby=\"accordion-item-3\" data-wp-bind--inert=\"!state.isOpen\" id=\"accordion-item-3-panel\" role=\"region\" class=\"wp-block-accordion-panel is-layout-flow wp-block-accordion-panel-is-layout-flow\">\n<p>Wir sind ein ehrenamtliches Kollektiv aus engagierten Menschen, die dazu beitragen m\u00f6chten, dass alle G\u00e4st:innen eine gute und sichere Zeit erleben \u2013 und dass Veranstaltungen f\u00fcr alle Beteiligten zu positiven Erfahrungen werden.<\/p>\n\n\n\n<p>Dabei gilt f\u00fcr uns: Verantwortung beginnt bei uns selbst. Neben der F\u00fcrsorge f\u00fcr andere ist uns Selfcare genauso wichtig wie PsyCare \u2013 denn nur wer gut f\u00fcr sich selbst sorgt, kann auch f\u00fcr andere da sein. Jede*r bringt sich in dem Umfang ein, den die eigenen Kapazit\u00e4ten zulassen. Wir unterst\u00fctzen uns gegenseitig, achten aufeinander und arbeiten als Team.<\/p>\n\n\n\n<p>Ein zentraler Bestandteil unserer Arbeit ist die aufsuchende Drogenarbeit im Partykontext. Unser Ziel ist es, Risiken zu minimieren und informierte, selbstbestimmte Entscheidungen zu f\u00f6rdern.<\/p>\n<\/div>\n<\/div>\n<\/div>\n\n\n\n<div data-wp-context=\"{ &quot;autoclose&quot;: false, &quot;accordionItems&quot;: [] }\" data-wp-interactive=\"core\/accordion\" role=\"group\" class=\"wp-block-accordion is-layout-flow wp-block-accordion-is-layout-flow\">\n<div data-wp-class--is-open=\"state.isOpen\" data-wp-context=\"{ &quot;id&quot;: &quot;accordion-item-4&quot;, &quot;openByDefault&quot;: false }\" data-wp-init=\"callbacks.initAccordionItems\" data-wp-on-window--hashchange=\"callbacks.hashChange\" class=\"wp-block-accordion-item is-layout-flow wp-block-accordion-item-is-layout-flow\">\n<h3 class=\"wp-block-accordion-heading\"><button aria-expanded=\"false\" aria-controls=\"accordion-item-4-panel\" data-wp-bind--aria-expanded=\"state.isOpen\" data-wp-on--click=\"actions.toggle\" data-wp-on--keydown=\"actions.handleKeyDown\" id=\"accordion-item-4\" type=\"button\" class=\"wp-block-accordion-heading__toggle\"><span class=\"wp-block-accordion-heading__toggle-title\">Safer Use &amp; Aufkl\u00e4rung<\/span><span class=\"wp-block-accordion-heading__toggle-icon\" aria-hidden=\"true\">+<\/span><\/button><\/h3>\n\n\n\n<div inert aria-labelledby=\"accordion-item-4\" data-wp-bind--inert=\"!state.isOpen\" id=\"accordion-item-4-panel\" role=\"region\" class=\"wp-block-accordion-panel is-layout-flow wp-block-accordion-panel-is-layout-flow\">\n<p>Ein besonderer Schwerpunkt liegt auf <strong>Safer Use<\/strong> \u2013 also darauf, Konsum so risikoarm wie m\u00f6glich zu gestalten. Wir informieren, kl\u00e4ren auf und stellen Safer-Use-Materialien zur Verf\u00fcgung.<\/p>\n\n\n\n<p>Wir beantworten Fragen zu Substanzen, Mischkonsum und m\u00f6glichen Risiken. Dabei sind wir jederzeit f\u00fcr alle G\u00e4st:innen ansprechbar.<\/p>\n\n\n\n<p>Wenn wir Menschen unterst\u00fctzen k\u00f6nnen, damit sie sich wieder besser f\u00fchlen, tun wir das selbstverst\u00e4ndlich. Wir begegnen Konsum wertfrei \u2013 das hei\u00dft: Wir verurteilen niemanden, ermutigen aber auch nicht zum Konsum. Wir geben keine Konsumempfehlungen, sondern informieren \u00fcber Risiken und m\u00f6gliche Wechselwirkungen.<\/p>\n\n\n\n<p>Wenn sich G\u00e4st:innen k\u00f6rperlich oder psychisch \u2013 beispielsweise substanzeninduziert \u2013 unwohl f\u00fchlen, sind wir da und leisten Unterst\u00fctzung.<\/p>\n<\/div>\n<\/div>\n<\/div>\n\n\n\n<div data-wp-context=\"{ &quot;autoclose&quot;: false, &quot;accordionItems&quot;: [] }\" data-wp-interactive=\"core\/accordion\" role=\"group\" class=\"wp-block-accordion is-layout-flow wp-block-accordion-is-layout-flow\">\n<div data-wp-class--is-open=\"state.isOpen\" data-wp-context=\"{ &quot;id&quot;: &quot;accordion-item-5&quot;, &quot;openByDefault&quot;: false }\" data-wp-init=\"callbacks.initAccordionItems\" data-wp-on-window--hashchange=\"callbacks.hashChange\" class=\"wp-block-accordion-item is-layout-flow wp-block-accordion-item-is-layout-flow\">\n<h3 class=\"wp-block-accordion-heading\"><button aria-expanded=\"false\" aria-controls=\"accordion-item-5-panel\" data-wp-bind--aria-expanded=\"state.isOpen\" data-wp-on--click=\"actions.toggle\" data-wp-on--keydown=\"actions.handleKeyDown\" id=\"accordion-item-5\" type=\"button\" class=\"wp-block-accordion-heading__toggle\"><span class=\"wp-block-accordion-heading__toggle-title\">Qualifikation &amp; Erfahrung<\/span><span class=\"wp-block-accordion-heading__toggle-icon\" aria-hidden=\"true\">+<\/span><\/button><\/h3>\n\n\n\n<div inert aria-labelledby=\"accordion-item-5\" data-wp-bind--inert=\"!state.isOpen\" id=\"accordion-item-5-panel\" role=\"region\" class=\"wp-block-accordion-panel is-layout-flow wp-block-accordion-panel-is-layout-flow\">\n<p>In unserem Team arbeiten geschulte und erfahrene Menschen, die nach den Richtlinien des SONICS e. V. (deutscher Dachverband f\u00fcr PsyCare) ausgebildet sind.<\/p>\n\n\n\n<p>F\u00fcr die Arbeit im Bereich der psychedelischen Ambulanz sind sie speziell im Umgang mit Menschen in psychischen Extremsituationen geschult.<\/p>\n\n\n\n<p>Und wenn die bew\u00e4hrte Strategie \u201eChai, Decke, Banane\u201c einmal nicht ausreicht, wissen wir, wie wir Menschen stabilisieren, auffangen und sicher begleiten k\u00f6nnen \u2013 damit sie sich wieder gut f\u00fchlen und, wenn m\u00f6glich, gest\u00e4rkt ins Veranstaltungsgeschehen zur\u00fcckkehren k\u00f6nnen.<\/p>\n<\/div>\n<\/div>\n<\/div>\n","protected":false},"excerpt":{"rendered":"","protected":false},"author":1,"featured_media":0,"parent":0,"menu_order":4,"comment_status":"closed","ping_status":"closed","template":"","meta":{"footnotes":""},"class_list":["post-330","page","type-page","status-publish","hentry"],"yoast_head":"<!-- This site is optimized with the Yoast SEO plugin v27.4 - https:\/\/yoast.com\/product\/yoast-seo-wordpress\/ -->\n<title>Was ist eigentlich PsyCare? - Flausch &amp; T\u00fcdel<\/title>\n<meta name=\"description\" content=\"Was ist PsyCare? Erfahre, wie Awareness-Teams auf Festivals Menschen in herausfordernden Situationen unterst\u00fctzen \u2013 empathisch, sicher und ohne Bewertung.\" \/>\n<meta name=\"robots\" content=\"index, follow, max-snippet:-1, max-image-preview:large, max-video-preview:-1\" \/>\n<link rel=\"canonical\" href=\"https:\/\/flausch.space\/de_de\/de\/was-ist-eigentlich-psycare\/\" \/>\n<meta property=\"og:locale\" content=\"de_DE\" \/>\n<meta property=\"og:type\" content=\"article\" \/>\n<meta property=\"og:title\" content=\"Was ist eigentlich PsyCare? - Flausch &amp; T\u00fcdel\" \/>\n<meta property=\"og:description\" content=\"Was ist PsyCare? Erfahre, wie Awareness-Teams auf Festivals Menschen in herausfordernden Situationen unterst\u00fctzen \u2013 empathisch, sicher und ohne Bewertung.\" \/>\n<meta property=\"og:url\" content=\"https:\/\/flausch.space\/de_de\/de\/was-ist-eigentlich-psycare\/\" \/>\n<meta property=\"og:site_name\" content=\"Flausch &amp; T\u00fcdel\" \/>\n<meta property=\"article:modified_time\" content=\"2026-03-31T15:18:19+00:00\" \/>\n<meta name=\"twitter:card\" content=\"summary_large_image\" \/>\n<meta name=\"twitter:label1\" content=\"Gesch\u00e4tzte Lesezeit\" \/>\n\t<meta name=\"twitter:data1\" content=\"4\u00a0Minuten\" \/>\n<script type=\"application\/ld+json\" class=\"yoast-schema-graph\">{\"@context\":\"https:\\\/\\\/schema.org\",\"@graph\":[{\"@type\":\"WebPage\",\"@id\":\"https:\\\/\\\/flausch.space\\\/de\\\/was-ist-eigentlich-psycare\\\/\",\"url\":\"https:\\\/\\\/flausch.space\\\/de\\\/was-ist-eigentlich-psycare\\\/\",\"name\":\"Was ist eigentlich PsyCare? - Flausch &amp; T\u00fcdel\",\"isPartOf\":{\"@id\":\"https:\\\/\\\/flausch.space\\\/#website\"},\"datePublished\":\"2026-02-27T20:05:12+00:00\",\"dateModified\":\"2026-03-31T15:18:19+00:00\",\"description\":\"Was ist PsyCare? Erfahre, wie Awareness-Teams auf Festivals Menschen in herausfordernden Situationen unterst\u00fctzen \u2013 empathisch, sicher und ohne Bewertung.\",\"breadcrumb\":{\"@id\":\"https:\\\/\\\/flausch.space\\\/de\\\/was-ist-eigentlich-psycare\\\/#breadcrumb\"},\"inLanguage\":\"de\",\"potentialAction\":[{\"@type\":\"ReadAction\",\"target\":[\"https:\\\/\\\/flausch.space\\\/de\\\/was-ist-eigentlich-psycare\\\/\"]}]},{\"@type\":\"BreadcrumbList\",\"@id\":\"https:\\\/\\\/flausch.space\\\/de\\\/was-ist-eigentlich-psycare\\\/#breadcrumb\",\"itemListElement\":[{\"@type\":\"ListItem\",\"position\":1,\"name\":\"Start\",\"item\":\"https:\\\/\\\/flausch.space\\\/de\\\/willkommen-bei-flausch-und-tuedel\\\/\"},{\"@type\":\"ListItem\",\"position\":2,\"name\":\"Was ist eigentlich PsyCare?\"}]},{\"@type\":\"WebSite\",\"@id\":\"https:\\\/\\\/flausch.space\\\/#website\",\"url\":\"https:\\\/\\\/flausch.space\\\/\",\"name\":\"Flausch & T\u00fcdel\",\"description\":\"Flausch &amp; T&uuml;del Psycare\",\"publisher\":{\"@id\":\"https:\\\/\\\/flausch.space\\\/#organization\"},\"potentialAction\":[{\"@type\":\"SearchAction\",\"target\":{\"@type\":\"EntryPoint\",\"urlTemplate\":\"https:\\\/\\\/flausch.space\\\/?s={search_term_string}\"},\"query-input\":{\"@type\":\"PropertyValueSpecification\",\"valueRequired\":true,\"valueName\":\"search_term_string\"}}],\"inLanguage\":\"de\"},{\"@type\":\"Organization\",\"@id\":\"https:\\\/\\\/flausch.space\\\/#organization\",\"name\":\"Flausch & T\u00fcdel\",\"url\":\"https:\\\/\\\/flausch.space\\\/\",\"logo\":{\"@type\":\"ImageObject\",\"inLanguage\":\"de\",\"@id\":\"https:\\\/\\\/flausch.space\\\/#\\\/schema\\\/logo\\\/image\\\/\",\"url\":\"https:\\\/\\\/flausch.space\\\/wp-content\\\/uploads\\\/2026\\\/01\\\/Flausch_Brumm.png\",\"contentUrl\":\"https:\\\/\\\/flausch.space\\\/wp-content\\\/uploads\\\/2026\\\/01\\\/Flausch_Brumm.png\",\"width\":1405,\"height\":1409,\"caption\":\"Flausch & T\u00fcdel\"},\"image\":{\"@id\":\"https:\\\/\\\/flausch.space\\\/#\\\/schema\\\/logo\\\/image\\\/\"}}]}<\/script>\n<!-- \/ Yoast SEO plugin. -->","yoast_head_json":{"title":"Was ist eigentlich PsyCare? - Flausch &amp; T\u00fcdel","description":"Was ist PsyCare? Erfahre, wie Awareness-Teams auf Festivals Menschen in herausfordernden Situationen unterst\u00fctzen \u2013 empathisch, sicher und ohne Bewertung.","robots":{"index":"index","follow":"follow","max-snippet":"max-snippet:-1","max-image-preview":"max-image-preview:large","max-video-preview":"max-video-preview:-1"},"canonical":"https:\/\/flausch.space\/de_de\/de\/was-ist-eigentlich-psycare\/","og_locale":"de_DE","og_type":"article","og_title":"Was ist eigentlich PsyCare? - Flausch &amp; T\u00fcdel","og_description":"Was ist PsyCare? Erfahre, wie Awareness-Teams auf Festivals Menschen in herausfordernden Situationen unterst\u00fctzen \u2013 empathisch, sicher und ohne Bewertung.","og_url":"https:\/\/flausch.space\/de_de\/de\/was-ist-eigentlich-psycare\/","og_site_name":"Flausch &amp; T\u00fcdel","article_modified_time":"2026-03-31T15:18:19+00:00","twitter_card":"summary_large_image","twitter_misc":{"Gesch\u00e4tzte Lesezeit":"4\u00a0Minuten"},"schema":{"@context":"https:\/\/schema.org","@graph":[{"@type":"WebPage","@id":"https:\/\/flausch.space\/de\/was-ist-eigentlich-psycare\/","url":"https:\/\/flausch.space\/de\/was-ist-eigentlich-psycare\/","name":"Was ist eigentlich PsyCare? - Flausch &amp; T\u00fcdel","isPartOf":{"@id":"https:\/\/flausch.space\/#website"},"datePublished":"2026-02-27T20:05:12+00:00","dateModified":"2026-03-31T15:18:19+00:00","description":"Was ist PsyCare? Erfahre, wie Awareness-Teams auf Festivals Menschen in herausfordernden Situationen unterst\u00fctzen \u2013 empathisch, sicher und ohne Bewertung.","breadcrumb":{"@id":"https:\/\/flausch.space\/de\/was-ist-eigentlich-psycare\/#breadcrumb"},"inLanguage":"de","potentialAction":[{"@type":"ReadAction","target":["https:\/\/flausch.space\/de\/was-ist-eigentlich-psycare\/"]}]},{"@type":"BreadcrumbList","@id":"https:\/\/flausch.space\/de\/was-ist-eigentlich-psycare\/#breadcrumb","itemListElement":[{"@type":"ListItem","position":1,"name":"Start","item":"https:\/\/flausch.space\/de\/willkommen-bei-flausch-und-tuedel\/"},{"@type":"ListItem","position":2,"name":"Was ist eigentlich PsyCare?"}]},{"@type":"WebSite","@id":"https:\/\/flausch.space\/#website","url":"https:\/\/flausch.space\/","name":"Flausch & T\u00fcdel","description":"Flausch &amp; T&uuml;del Psycare","publisher":{"@id":"https:\/\/flausch.space\/#organization"},"potentialAction":[{"@type":"SearchAction","target":{"@type":"EntryPoint","urlTemplate":"https:\/\/flausch.space\/?s={search_term_string}"},"query-input":{"@type":"PropertyValueSpecification","valueRequired":true,"valueName":"search_term_string"}}],"inLanguage":"de"},{"@type":"Organization","@id":"https:\/\/flausch.space\/#organization","name":"Flausch & T\u00fcdel","url":"https:\/\/flausch.space\/","logo":{"@type":"ImageObject","inLanguage":"de","@id":"https:\/\/flausch.space\/#\/schema\/logo\/image\/","url":"https:\/\/flausch.space\/wp-content\/uploads\/2026\/01\/Flausch_Brumm.png","contentUrl":"https:\/\/flausch.space\/wp-content\/uploads\/2026\/01\/Flausch_Brumm.png","width":1405,"height":1409,"caption":"Flausch & T\u00fcdel"},"image":{"@id":"https:\/\/flausch.space\/#\/schema\/logo\/image\/"}}]}},"_links":{"self":[{"href":"https:\/\/flausch.space\/de_de\/wp-json\/wp\/v2\/pages\/330","targetHints":{"allow":["GET"]}}],"collection":[{"href":"https:\/\/flausch.space\/de_de\/wp-json\/wp\/v2\/pages"}],"about":[{"href":"https:\/\/flausch.space\/de_de\/wp-json\/wp\/v2\/types\/page"}],"author":[{"embeddable":true,"href":"https:\/\/flausch.space\/de_de\/wp-json\/wp\/v2\/users\/1"}],"replies":[{"embeddable":true,"href":"https:\/\/flausch.space\/de_de\/wp-json\/wp\/v2\/comments?post=330"}],"version-history":[{"count":5,"href":"https:\/\/flausch.space\/de_de\/wp-json\/wp\/v2\/pages\/330\/revisions"}],"predecessor-version":[{"id":475,"href":"https:\/\/flausch.space\/de_de\/wp-json\/wp\/v2\/pages\/330\/revisions\/475"}],"wp:attachment":[{"href":"https:\/\/flausch.space\/de_de\/wp-json\/wp\/v2\/media?parent=330"}],"curies":[{"name":"wp","href":"https:\/\/api.w.org\/{rel}","templated":true}]}}