{"id":24,"date":"2026-01-19T13:37:53","date_gmt":"2026-01-19T13:37:53","guid":{"rendered":"https:\/\/flauschspace.wordpress.com\/?page_id=24"},"modified":"2026-03-31T16:17:58","modified_gmt":"2026-03-31T15:17:58","slug":"willkommen-bei-flausch-und-tuedel","status":"publish","type":"page","link":"https:\/\/flausch.space\/de_de\/","title":{"rendered":"Herzlich Willkommen"},"content":{"rendered":"\n<div class=\"wp-block-group alignfull has-global-padding is-layout-constrained wp-block-group-is-layout-constrained\">\n<h3 class=\"wp-block-heading has-text-align-center\">Herzlich Willkommen<\/h3>\n\n\n\n<p class=\"has-text-align-center has-small-font-size\">im provisorischen Online-Space von Flausch und T\u00fcdel.<\/p>\n\n\n\n<p class=\"has-text-align-center has-small-font-size\">Eigentlich findest du uns drau\u00dfen \u2013 auf Veranstaltungen, Partys und Festivals, mitten im Geschehen. Dieser Ort hier ist eher eine T\u00fcr als ein Raum: zum Kennenlernen, Vernetzen und ersten Ankommen.<br>Unser Wirken entfaltet sich vor allem dort, wo Menschen zusammenkommen \u2013 beim Feiern, beim Auf- und Abbau, \u00fcberall da, wo wir unsere Vision gemeinsam lebendig machen:<\/p>\n\n\n\n<p class=\"has-text-align-center has-small-font-size\"><strong>Lasst uns f\u00fcreinander da sein.<\/strong><br><br>Ein bisschen Flausch kann manchmal sogar dort noch helfen,<br>wo der Drops eigentlich schon gelutscht ist. &lt;3<\/p>\n<\/div>\n\n\n\n<div class=\"wp-block-group has-global-padding is-layout-constrained wp-block-group-is-layout-constrained\">\n<h3 class=\"wp-block-heading has-text-align-center\">Ein paar Facts!<\/h3>\n\n\n\n<p class=\"has-text-align-center has-small-font-size\">Uns gibt es seit 2020 \u2013 unser erster gr\u00f6\u00dferer Einsatz war 2022 auf dem MOYN-Festival.<\/p>\n\n\n\n<p class=\"has-text-align-center has-small-font-size\">Aktuell sind wir unter anderem aktiv auf dem MOYN Festival, Mystic Creatures, der KETOGA Partyreihe sowie auf weiteren Veranstaltungen.<\/p>\n\n\n\n<p class=\"has-text-align-center has-small-font-size\">Wir arbeiten \u00fcberregional, mit aktuellen lokalen Schwerpunkten rund um K\u00f6ln, das Ruhrgebiet, Berlin und Leipzig.<\/p>\n\n\n\n<p class=\"has-text-align-center has-small-font-size\">Wir sind ein fluktuierendes, wachsendes Team mit vielen unterschiedlichen Kompetenzen \u2013 und gleichzeitig eine Community, die aufeinander achtgibt. &lt;3<\/p>\n\n\n\n<p class=\"has-text-align-center has-small-font-size\">Hast du Lust, ein Teil davon zu werden?<br>Wenn du unsere Arbeit unterst\u00fctzen m\u00f6chtest, freuen wir uns \u00fcber deinen Beitrag \u2013 in dem Rahmen, der f\u00fcr dich gerade m\u00f6glich ist.<br>Wir freuen uns auf dich! &lt;3<\/p>\n<\/div>\n","protected":false},"excerpt":{"rendered":"<p>Herzlich Willkommen im provisorischen Online-Space von Flausch und T\u00fcdel. Eigentlich findest du uns drau\u00dfen \u2013 auf Veranstaltungen, Partys und Festivals, mitten im Geschehen. Dieser Ort hier ist eher eine T\u00fcr als ein Raum: zum Kennenlernen, Vernetzen und ersten Ankommen.Unser Wirken entfaltet sich vor allem dort, wo Menschen zusammenkommen \u2013 beim Feiern, beim Auf- und Abbau, [&hellip;]<\/p>\n","protected":false},"author":1,"featured_media":108,"parent":0,"menu_order":1,"comment_status":"closed","ping_status":"closed","template":"","meta":{"footnotes":""},"class_list":["post-24","page","type-page","status-publish","has-post-thumbnail","hentry"],"yoast_head":"<!-- This site is optimized with the Yoast SEO plugin v27.4 - https:\/\/yoast.com\/product\/yoast-seo-wordpress\/ -->\n<title>Herzlich Willkommen - Flausch &amp; T\u00fcdel<\/title>\n<meta name=\"description\" content=\"PsyCare und Awareness-Team f\u00fcr Festivals &amp; Events: Flausch und T\u00fcdel steht f\u00fcr Support, Gemeinschaft und Zusammenhalt. Jetzt kennenlernen und Teil der Community werden.\" \/>\n<meta name=\"robots\" content=\"index, follow, max-snippet:-1, max-image-preview:large, max-video-preview:-1\" \/>\n<link rel=\"canonical\" href=\"https:\/\/flausch.space\/de_de\/de\/willkommen-bei-flausch-und-tuedel\/\" \/>\n<meta property=\"og:locale\" content=\"de_DE\" \/>\n<meta property=\"og:type\" content=\"article\" \/>\n<meta property=\"og:title\" content=\"Herzlich Willkommen - Flausch &amp; T\u00fcdel\" \/>\n<meta property=\"og:description\" content=\"PsyCare und Awareness-Team f\u00fcr Festivals &amp; Events: Flausch und T\u00fcdel steht f\u00fcr Support, Gemeinschaft und Zusammenhalt. Jetzt kennenlernen und Teil der Community werden.\" \/>\n<meta property=\"og:url\" content=\"https:\/\/flausch.space\/de_de\/de\/willkommen-bei-flausch-und-tuedel\/\" \/>\n<meta property=\"og:site_name\" content=\"Flausch &amp; T\u00fcdel\" \/>\n<meta property=\"article:modified_time\" content=\"2026-03-31T15:17:58+00:00\" \/>\n<meta property=\"og:image\" content=\"https:\/\/flausch.space\/wp-content\/uploads\/2026\/01\/cropped-canva.png\" \/>\n\t<meta property=\"og:image:width\" content=\"512\" \/>\n\t<meta property=\"og:image:height\" content=\"512\" \/>\n\t<meta property=\"og:image:type\" content=\"image\/png\" \/>\n<meta name=\"twitter:card\" content=\"summary_large_image\" \/>\n<meta name=\"twitter:label1\" content=\"Gesch\u00e4tzte Lesezeit\" \/>\n\t<meta name=\"twitter:data1\" content=\"2\u00a0Minuten\" \/>\n<script type=\"application\/ld+json\" class=\"yoast-schema-graph\">{\"@context\":\"https:\\\/\\\/schema.org\",\"@graph\":[{\"@type\":\"WebPage\",\"@id\":\"https:\\\/\\\/flausch.space\\\/de\\\/willkommen-bei-flausch-und-tuedel\\\/\",\"url\":\"https:\\\/\\\/flausch.space\\\/de\\\/willkommen-bei-flausch-und-tuedel\\\/\",\"name\":\"Herzlich Willkommen - Flausch &amp; T\u00fcdel\",\"isPartOf\":{\"@id\":\"https:\\\/\\\/flausch.space\\\/#website\"},\"primaryImageOfPage\":{\"@id\":\"https:\\\/\\\/flausch.space\\\/de\\\/willkommen-bei-flausch-und-tuedel\\\/#primaryimage\"},\"image\":{\"@id\":\"https:\\\/\\\/flausch.space\\\/de\\\/willkommen-bei-flausch-und-tuedel\\\/#primaryimage\"},\"thumbnailUrl\":\"https:\\\/\\\/flausch.space\\\/wp-content\\\/uploads\\\/2026\\\/01\\\/cropped-canva.png\",\"datePublished\":\"2026-01-19T13:37:53+00:00\",\"dateModified\":\"2026-03-31T15:17:58+00:00\",\"description\":\"PsyCare und Awareness-Team f\u00fcr Festivals & Events: Flausch und T\u00fcdel steht f\u00fcr Support, Gemeinschaft und Zusammenhalt. Jetzt kennenlernen und Teil der Community werden.\",\"breadcrumb\":{\"@id\":\"https:\\\/\\\/flausch.space\\\/de\\\/willkommen-bei-flausch-und-tuedel\\\/#breadcrumb\"},\"inLanguage\":\"de\",\"potentialAction\":[{\"@type\":\"ReadAction\",\"target\":[\"https:\\\/\\\/flausch.space\\\/de\\\/willkommen-bei-flausch-und-tuedel\\\/\"]}]},{\"@type\":\"ImageObject\",\"inLanguage\":\"de\",\"@id\":\"https:\\\/\\\/flausch.space\\\/de\\\/willkommen-bei-flausch-und-tuedel\\\/#primaryimage\",\"url\":\"https:\\\/\\\/flausch.space\\\/wp-content\\\/uploads\\\/2026\\\/01\\\/cropped-canva.png\",\"contentUrl\":\"https:\\\/\\\/flausch.space\\\/wp-content\\\/uploads\\\/2026\\\/01\\\/cropped-canva.png\",\"width\":512,\"height\":512},{\"@type\":\"BreadcrumbList\",\"@id\":\"https:\\\/\\\/flausch.space\\\/de\\\/willkommen-bei-flausch-und-tuedel\\\/#breadcrumb\",\"itemListElement\":[{\"@type\":\"ListItem\",\"position\":1,\"name\":\"Start\",\"item\":\"https:\\\/\\\/flausch.space\\\/de\\\/willkommen-bei-flausch-und-tuedel\\\/\"},{\"@type\":\"ListItem\",\"position\":2,\"name\":\"Herzlich Willkommen\"}]},{\"@type\":\"WebSite\",\"@id\":\"https:\\\/\\\/flausch.space\\\/#website\",\"url\":\"https:\\\/\\\/flausch.space\\\/\",\"name\":\"Flausch & T\u00fcdel\",\"description\":\"Flausch &amp; T&uuml;del Psycare\",\"publisher\":{\"@id\":\"https:\\\/\\\/flausch.space\\\/#organization\"},\"potentialAction\":[{\"@type\":\"SearchAction\",\"target\":{\"@type\":\"EntryPoint\",\"urlTemplate\":\"https:\\\/\\\/flausch.space\\\/?s={search_term_string}\"},\"query-input\":{\"@type\":\"PropertyValueSpecification\",\"valueRequired\":true,\"valueName\":\"search_term_string\"}}],\"inLanguage\":\"de\"},{\"@type\":\"Organization\",\"@id\":\"https:\\\/\\\/flausch.space\\\/#organization\",\"name\":\"Flausch & T\u00fcdel\",\"url\":\"https:\\\/\\\/flausch.space\\\/\",\"logo\":{\"@type\":\"ImageObject\",\"inLanguage\":\"de\",\"@id\":\"https:\\\/\\\/flausch.space\\\/#\\\/schema\\\/logo\\\/image\\\/\",\"url\":\"https:\\\/\\\/flausch.space\\\/wp-content\\\/uploads\\\/2026\\\/01\\\/Flausch_Brumm.png\",\"contentUrl\":\"https:\\\/\\\/flausch.space\\\/wp-content\\\/uploads\\\/2026\\\/01\\\/Flausch_Brumm.png\",\"width\":1405,\"height\":1409,\"caption\":\"Flausch & T\u00fcdel\"},\"image\":{\"@id\":\"https:\\\/\\\/flausch.space\\\/#\\\/schema\\\/logo\\\/image\\\/\"}}]}<\/script>\n<!-- \/ Yoast SEO plugin. -->","yoast_head_json":{"title":"Herzlich Willkommen - Flausch &amp; T\u00fcdel","description":"PsyCare und Awareness-Team f\u00fcr Festivals & Events: Flausch und T\u00fcdel steht f\u00fcr Support, Gemeinschaft und Zusammenhalt. Jetzt kennenlernen und Teil der Community werden.","robots":{"index":"index","follow":"follow","max-snippet":"max-snippet:-1","max-image-preview":"max-image-preview:large","max-video-preview":"max-video-preview:-1"},"canonical":"https:\/\/flausch.space\/de_de\/de\/willkommen-bei-flausch-und-tuedel\/","og_locale":"de_DE","og_type":"article","og_title":"Herzlich Willkommen - Flausch &amp; T\u00fcdel","og_description":"PsyCare und Awareness-Team f\u00fcr Festivals & Events: Flausch und T\u00fcdel steht f\u00fcr Support, Gemeinschaft und Zusammenhalt. Jetzt kennenlernen und Teil der Community werden.","og_url":"https:\/\/flausch.space\/de_de\/de\/willkommen-bei-flausch-und-tuedel\/","og_site_name":"Flausch &amp; T\u00fcdel","article_modified_time":"2026-03-31T15:17:58+00:00","og_image":[{"width":512,"height":512,"url":"https:\/\/flausch.space\/wp-content\/uploads\/2026\/01\/cropped-canva.png","type":"image\/png"}],"twitter_card":"summary_large_image","twitter_misc":{"Gesch\u00e4tzte Lesezeit":"2\u00a0Minuten"},"schema":{"@context":"https:\/\/schema.org","@graph":[{"@type":"WebPage","@id":"https:\/\/flausch.space\/de\/willkommen-bei-flausch-und-tuedel\/","url":"https:\/\/flausch.space\/de\/willkommen-bei-flausch-und-tuedel\/","name":"Herzlich Willkommen - Flausch &amp; T\u00fcdel","isPartOf":{"@id":"https:\/\/flausch.space\/#website"},"primaryImageOfPage":{"@id":"https:\/\/flausch.space\/de\/willkommen-bei-flausch-und-tuedel\/#primaryimage"},"image":{"@id":"https:\/\/flausch.space\/de\/willkommen-bei-flausch-und-tuedel\/#primaryimage"},"thumbnailUrl":"https:\/\/flausch.space\/wp-content\/uploads\/2026\/01\/cropped-canva.png","datePublished":"2026-01-19T13:37:53+00:00","dateModified":"2026-03-31T15:17:58+00:00","description":"PsyCare und Awareness-Team f\u00fcr Festivals & Events: Flausch und T\u00fcdel steht f\u00fcr Support, Gemeinschaft und Zusammenhalt. Jetzt kennenlernen und Teil der Community werden.","breadcrumb":{"@id":"https:\/\/flausch.space\/de\/willkommen-bei-flausch-und-tuedel\/#breadcrumb"},"inLanguage":"de","potentialAction":[{"@type":"ReadAction","target":["https:\/\/flausch.space\/de\/willkommen-bei-flausch-und-tuedel\/"]}]},{"@type":"ImageObject","inLanguage":"de","@id":"https:\/\/flausch.space\/de\/willkommen-bei-flausch-und-tuedel\/#primaryimage","url":"https:\/\/flausch.space\/wp-content\/uploads\/2026\/01\/cropped-canva.png","contentUrl":"https:\/\/flausch.space\/wp-content\/uploads\/2026\/01\/cropped-canva.png","width":512,"height":512},{"@type":"BreadcrumbList","@id":"https:\/\/flausch.space\/de\/willkommen-bei-flausch-und-tuedel\/#breadcrumb","itemListElement":[{"@type":"ListItem","position":1,"name":"Start","item":"https:\/\/flausch.space\/de\/willkommen-bei-flausch-und-tuedel\/"},{"@type":"ListItem","position":2,"name":"Herzlich Willkommen"}]},{"@type":"WebSite","@id":"https:\/\/flausch.space\/#website","url":"https:\/\/flausch.space\/","name":"Flausch & T\u00fcdel","description":"Flausch &amp; T&uuml;del Psycare","publisher":{"@id":"https:\/\/flausch.space\/#organization"},"potentialAction":[{"@type":"SearchAction","target":{"@type":"EntryPoint","urlTemplate":"https:\/\/flausch.space\/?s={search_term_string}"},"query-input":{"@type":"PropertyValueSpecification","valueRequired":true,"valueName":"search_term_string"}}],"inLanguage":"de"},{"@type":"Organization","@id":"https:\/\/flausch.space\/#organization","name":"Flausch & T\u00fcdel","url":"https:\/\/flausch.space\/","logo":{"@type":"ImageObject","inLanguage":"de","@id":"https:\/\/flausch.space\/#\/schema\/logo\/image\/","url":"https:\/\/flausch.space\/wp-content\/uploads\/2026\/01\/Flausch_Brumm.png","contentUrl":"https:\/\/flausch.space\/wp-content\/uploads\/2026\/01\/Flausch_Brumm.png","width":1405,"height":1409,"caption":"Flausch & T\u00fcdel"},"image":{"@id":"https:\/\/flausch.space\/#\/schema\/logo\/image\/"}}]}},"_links":{"self":[{"href":"https:\/\/flausch.space\/de_de\/wp-json\/wp\/v2\/pages\/24","targetHints":{"allow":["GET"]}}],"collection":[{"href":"https:\/\/flausch.space\/de_de\/wp-json\/wp\/v2\/pages"}],"about":[{"href":"https:\/\/flausch.space\/de_de\/wp-json\/wp\/v2\/types\/page"}],"author":[{"embeddable":true,"href":"https:\/\/flausch.space\/de_de\/wp-json\/wp\/v2\/users\/1"}],"replies":[{"embeddable":true,"href":"https:\/\/flausch.space\/de_de\/wp-json\/wp\/v2\/comments?post=24"}],"version-history":[{"count":17,"href":"https:\/\/flausch.space\/de_de\/wp-json\/wp\/v2\/pages\/24\/revisions"}],"predecessor-version":[{"id":371,"href":"https:\/\/flausch.space\/de_de\/wp-json\/wp\/v2\/pages\/24\/revisions\/371"}],"wp:featuredmedia":[{"embeddable":true,"href":"https:\/\/flausch.space\/de_de\/wp-json\/wp\/v2\/media\/108"}],"wp:attachment":[{"href":"https:\/\/flausch.space\/de_de\/wp-json\/wp\/v2\/media?parent=24"}],"curies":[{"name":"wp","href":"https:\/\/api.w.org\/{rel}","templated":true}]}}